{"id":2675,"date":"2018-11-21T13:45:35","date_gmt":"2018-11-21T13:45:35","guid":{"rendered":"http:\/\/ktbb.org\/v1\/?page_id=2675"},"modified":"2020-11-16T11:57:20","modified_gmt":"2020-11-16T11:57:20","slug":"ilker-edip","status":"publish","type":"page","link":"https:\/\/ktbb.org\/v1\/ilker-edip\/","title":{"rendered":"\u0130lker Edip"},"content":{"rendered":"<p><img decoding=\"async\" src=\"http:\/\/ktbb.org\/v1\/wp-content\/uploads\/2015\/03\/beyarmudu-ilker-edip-300x200.jpg\" alt=\"\" width=\"300\" height=\"200\" class=\"alignnone size-medium wp-image-1790\" srcset=\"https:\/\/ktbb.org\/v1\/wp-content\/uploads\/2015\/03\/beyarmudu-ilker-edip-160x107.jpg 160w, https:\/\/ktbb.org\/v1\/wp-content\/uploads\/2015\/03\/beyarmudu-ilker-edip-200x133.jpg 200w, https:\/\/ktbb.org\/v1\/wp-content\/uploads\/2015\/03\/beyarmudu-ilker-edip-300x200.jpg 300w, https:\/\/ktbb.org\/v1\/wp-content\/uploads\/2015\/03\/beyarmudu-ilker-edip-400x267.jpg 400w, https:\/\/ktbb.org\/v1\/wp-content\/uploads\/2015\/03\/beyarmudu-ilker-edip-600x400.jpg 600w, https:\/\/ktbb.org\/v1\/wp-content\/uploads\/2015\/03\/beyarmudu-ilker-edip.jpg 720w\" sizes=\"(max-width: 300px) 100vw, 300px\" \/><\/p>\n<p>1965 y\u0131l\u0131nda Beyarmudu\u2018nda do\u011fdu. \u0130lk ve ortaokulu Beyarmudu\u2019nda okuduktan sonra 1983\u2019te Sedat Simavi End\u00fcstri Meslek Lisesi\u2018ni tamamlad\u0131.<br \/>\nAskerlik sonras\u0131 1985\u2019te kendi \u00f6zel \u015firketinde i\u015f hayat\u0131na ba\u015flad\u0131. 1994\u2019te Beyarmudu Belediyesi Meclis \u00dcyeli\u011fi g\u00f6revine se\u00e7ildi.<\/p>\n<p>12 y\u0131l Beyarmudu Belediyesi Asba\u015fkanl\u0131\u011f\u0131 g\u00f6revini s\u00fcrd\u00fcrd\u00fc. 2005 -2006 y\u0131llar\u0131 aras\u0131nda Beyarmudu T\u00fcrk \u00c7ift\u00e7iler Birli\u011fi Kul\u00fcb\u00fc ba\u015fkanl\u0131\u011f\u0131n\u0131 yapt\u0131.<\/p>\n<p>Haziran 2006\u2019dan bu yana kesintisiz Belediye Ba\u015fkanl\u0131\u011f\u0131 g\u00f6revini s\u00fcrd\u00fcr\u00fcyor, evli ve bir \u00e7ocuk babas\u0131d\u0131r.<\/p>\n","protected":false},"excerpt":{"rendered":"<p>1965 y\u0131l\u0131nda Beyarmudu\u2018nda do\u011fdu. \u0130lk ve ortaokulu Beyarmudu\u2019nda okuduktan sonra [&hellip;]<\/p>\n","protected":false},"author":9,"featured_media":0,"parent":0,"menu_order":0,"comment_status":"closed","ping_status":"closed","template":"","meta":{"footnotes":""},"class_list":["post-2675","page","type-page","status-publish","hentry"],"_links":{"self":[{"href":"https:\/\/ktbb.org\/v1\/wp-json\/wp\/v2\/pages\/2675","targetHints":{"allow":["GET"]}}],"collection":[{"href":"https:\/\/ktbb.org\/v1\/wp-json\/wp\/v2\/pages"}],"about":[{"href":"https:\/\/ktbb.org\/v1\/wp-json\/wp\/v2\/types\/page"}],"author":[{"embeddable":true,"href":"https:\/\/ktbb.org\/v1\/wp-json\/wp\/v2\/users\/9"}],"replies":[{"embeddable":true,"href":"https:\/\/ktbb.org\/v1\/wp-json\/wp\/v2\/comments?post=2675"}],"version-history":[{"count":2,"href":"https:\/\/ktbb.org\/v1\/wp-json\/wp\/v2\/pages\/2675\/revisions"}],"predecessor-version":[{"id":9409,"href":"https:\/\/ktbb.org\/v1\/wp-json\/wp\/v2\/pages\/2675\/revisions\/9409"}],"wp:attachment":[{"href":"https:\/\/ktbb.org\/v1\/wp-json\/wp\/v2\/media?parent=2675"}],"curies":[{"name":"wp","href":"https:\/\/api.w.org\/{rel}","templated":true}]}}