{"id":2676,"date":"2018-11-21T13:46:36","date_gmt":"2018-11-21T13:46:36","guid":{"rendered":"http:\/\/ktbb.org\/v1\/?page_id=2676"},"modified":"2020-11-16T11:56:34","modified_gmt":"2020-11-16T11:56:34","slug":"mehmet-hulusioglu","status":"publish","type":"page","link":"https:\/\/ktbb.org\/v1\/mehmet-hulusioglu\/","title":{"rendered":"Mehmet Hulusio\u011flu"},"content":{"rendered":"<p><img decoding=\"async\" src=\"http:\/\/ktbb.org\/v1\/wp-content\/uploads\/2015\/03\/catalkoy-mehmet-hulusioglu-300x240.jpg\" alt=\"\" width=\"300\" height=\"240\" class=\"alignnone size-medium wp-image-1791\" srcset=\"https:\/\/ktbb.org\/v1\/wp-content\/uploads\/2015\/03\/catalkoy-mehmet-hulusioglu-160x128.jpg 160w, https:\/\/ktbb.org\/v1\/wp-content\/uploads\/2015\/03\/catalkoy-mehmet-hulusioglu-177x142.jpg 177w, https:\/\/ktbb.org\/v1\/wp-content\/uploads\/2015\/03\/catalkoy-mehmet-hulusioglu-200x160.jpg 200w, https:\/\/ktbb.org\/v1\/wp-content\/uploads\/2015\/03\/catalkoy-mehmet-hulusioglu.jpg 300w\" sizes=\"(max-width: 300px) 100vw, 300px\" \/><\/p>\n<p>22 Aral\u0131k 1970\u2019te Limasol\u2019un Evdim k\u00f6y\u00fcnde do\u011fdu.<\/p>\n<p>1974\u2019te ailesiyle birlikte \u00c7atalk\u00f6y\u2019e yerle\u015fti. \u00c7atalk\u00f6y \u0130lkokulu\u2019nun ard\u0131ndan Anafartalar Lisesi\u2019nden mezun oldu. 1993\u2019te \u00c7atalk\u00f6y Belediyesi\u2019nde i\u015fe ba\u015flad\u0131 ve 1993 ten 2010 y\u0131l\u0131 Haziran ay\u0131 yerel se\u00e7imlerine kadar, \u00c7atalk\u00f6y Belediyesi Mali \u0130\u015fler Sorumlusu olarak g\u00f6rev yapt\u0131. Haziran 2010\u2019dan beri belediye ba\u015fkanl\u0131\u011f\u0131n\u0131 y\u00fcr\u00fct\u00fcyor.<\/p>\n<p>D\u00fczkaya K\u00fclt\u00fcr Oca\u011f\u0131 Spor Kul\u00fcb\u00fc\u2019nde 12 y\u0131l futbol oynayan, okul aile birli\u011fi ba\u015fkanl\u0131\u011f\u0131 yapan Hulusio\u011flu, foto\u011fraf sanat\u0131yla da ilgileniyor. Hulusio\u011flu, evli ve iki \u00e7ocuk babas\u0131.<\/p>\n","protected":false},"excerpt":{"rendered":"<p>22 Aral\u0131k 1970\u2019te Limasol\u2019un Evdim k\u00f6y\u00fcnde do\u011fdu. 1974\u2019te ailesiyle birlikte [&hellip;]<\/p>\n","protected":false},"author":9,"featured_media":0,"parent":0,"menu_order":0,"comment_status":"closed","ping_status":"closed","template":"","meta":{"footnotes":""},"class_list":["post-2676","page","type-page","status-publish","hentry"],"_links":{"self":[{"href":"https:\/\/ktbb.org\/v1\/wp-json\/wp\/v2\/pages\/2676","targetHints":{"allow":["GET"]}}],"collection":[{"href":"https:\/\/ktbb.org\/v1\/wp-json\/wp\/v2\/pages"}],"about":[{"href":"https:\/\/ktbb.org\/v1\/wp-json\/wp\/v2\/types\/page"}],"author":[{"embeddable":true,"href":"https:\/\/ktbb.org\/v1\/wp-json\/wp\/v2\/users\/9"}],"replies":[{"embeddable":true,"href":"https:\/\/ktbb.org\/v1\/wp-json\/wp\/v2\/comments?post=2676"}],"version-history":[{"count":2,"href":"https:\/\/ktbb.org\/v1\/wp-json\/wp\/v2\/pages\/2676\/revisions"}],"predecessor-version":[{"id":9408,"href":"https:\/\/ktbb.org\/v1\/wp-json\/wp\/v2\/pages\/2676\/revisions\/9408"}],"wp:attachment":[{"href":"https:\/\/ktbb.org\/v1\/wp-json\/wp\/v2\/media?parent=2676"}],"curies":[{"name":"wp","href":"https:\/\/api.w.org\/{rel}","templated":true}]}}