{"id":2680,"date":"2018-11-21T13:47:40","date_gmt":"2018-11-21T13:47:40","guid":{"rendered":"http:\/\/ktbb.org\/v1\/?page_id=2680"},"modified":"2020-11-16T11:57:15","modified_gmt":"2020-11-16T11:57:15","slug":"habil-tulucu","status":"publish","type":"page","link":"https:\/\/ktbb.org\/v1\/habil-tulucu\/","title":{"rendered":"Habil T\u00fcl\u00fcc\u00fc"},"content":{"rendered":"<p><img decoding=\"async\" src=\"http:\/\/ktbb.org\/v1\/wp-content\/uploads\/2015\/03\/pasakoy-habil-tulucu-300x225.jpg\" alt=\"\" width=\"300\" height=\"225\" class=\"alignnone size-medium wp-image-1793\" srcset=\"https:\/\/ktbb.org\/v1\/wp-content\/uploads\/2015\/03\/pasakoy-habil-tulucu-160x120.jpg 160w, https:\/\/ktbb.org\/v1\/wp-content\/uploads\/2015\/03\/pasakoy-habil-tulucu-200x150.jpg 200w, https:\/\/ktbb.org\/v1\/wp-content\/uploads\/2015\/03\/pasakoy-habil-tulucu-300x225.jpg 300w, https:\/\/ktbb.org\/v1\/wp-content\/uploads\/2015\/03\/pasakoy-habil-tulucu-400x300.jpg 400w, https:\/\/ktbb.org\/v1\/wp-content\/uploads\/2015\/03\/pasakoy-habil-tulucu-600x450.jpg 600w, https:\/\/ktbb.org\/v1\/wp-content\/uploads\/2015\/03\/pasakoy-habil-tulucu-768x576.jpg 768w, https:\/\/ktbb.org\/v1\/wp-content\/uploads\/2015\/03\/pasakoy-habil-tulucu-800x600.jpg 800w, https:\/\/ktbb.org\/v1\/wp-content\/uploads\/2015\/03\/pasakoy-habil-tulucu.jpg 960w\" sizes=\"(max-width: 300px) 100vw, 300px\" \/><\/p>\n<p>1961 y\u0131l\u0131nda Kahraman Mara\u015f\u2019ta do\u011fan Habil T\u00fcl\u00fcc\u00fc, ilk\u00f6\u011frenimini Kahraman Mara\u015f\u2019ta yapt\u0131.<\/p>\n<p>1975\u2019te K\u0131br\u0131s\u2019a yerle\u015fen T\u00fcl\u00fcc\u00fc, 17 y\u0131l Dr. Burhan Nalbanto\u011flu Devlet Hastanesi\u2019nde \u00e7al\u0131\u015ft\u0131. 1998-2002 tarihleri aras\u0131nda muhtarl\u0131k yapt\u0131, Kamu- \u0130\u015f Sendikas\u0131\u2019nda g\u00f6rev ald\u0131.<\/p>\n<p>2002\u2019den bu yana Pa\u015fak\u00f6y Belediye Ba\u015fkanl\u0131\u011f\u0131 g\u00f6revini s\u00fcrd\u00fcren T\u00fcl\u00fcc\u00fc, evli ve d\u00f6rt \u00e7ocuk babas\u0131.<\/p>\n","protected":false},"excerpt":{"rendered":"<p>1961 y\u0131l\u0131nda Kahraman Mara\u015f\u2019ta do\u011fan Habil T\u00fcl\u00fcc\u00fc, ilk\u00f6\u011frenimini Kahraman Mara\u015f\u2019ta [&hellip;]<\/p>\n","protected":false},"author":9,"featured_media":0,"parent":0,"menu_order":0,"comment_status":"closed","ping_status":"closed","template":"","meta":{"footnotes":""},"class_list":["post-2680","page","type-page","status-publish","hentry"],"_links":{"self":[{"href":"https:\/\/ktbb.org\/v1\/wp-json\/wp\/v2\/pages\/2680","targetHints":{"allow":["GET"]}}],"collection":[{"href":"https:\/\/ktbb.org\/v1\/wp-json\/wp\/v2\/pages"}],"about":[{"href":"https:\/\/ktbb.org\/v1\/wp-json\/wp\/v2\/types\/page"}],"author":[{"embeddable":true,"href":"https:\/\/ktbb.org\/v1\/wp-json\/wp\/v2\/users\/9"}],"replies":[{"embeddable":true,"href":"https:\/\/ktbb.org\/v1\/wp-json\/wp\/v2\/comments?post=2680"}],"version-history":[{"count":3,"href":"https:\/\/ktbb.org\/v1\/wp-json\/wp\/v2\/pages\/2680\/revisions"}],"predecessor-version":[{"id":9411,"href":"https:\/\/ktbb.org\/v1\/wp-json\/wp\/v2\/pages\/2680\/revisions\/9411"}],"wp:attachment":[{"href":"https:\/\/ktbb.org\/v1\/wp-json\/wp\/v2\/media?parent=2680"}],"curies":[{"name":"wp","href":"https:\/\/api.w.org\/{rel}","templated":true}]}}