{"id":2681,"date":"2018-11-21T13:47:47","date_gmt":"2018-11-21T13:47:47","guid":{"rendered":"http:\/\/ktbb.org\/v1\/?page_id=2681"},"modified":"2020-11-16T11:55:20","modified_gmt":"2020-11-16T11:55:20","slug":"ali-oncu","status":"publish","type":"page","link":"https:\/\/ktbb.org\/v1\/ali-oncu\/","title":{"rendered":"Ali \u00d6nc\u00fc"},"content":{"rendered":"<p><img decoding=\"async\" src=\"http:\/\/ktbb.org\/v1\/wp-content\/uploads\/2015\/03\/inonu-ali-oncu-253x300.jpg\" alt=\"\" width=\"253\" height=\"300\" class=\"alignnone size-medium wp-image-1795\" srcset=\"https:\/\/ktbb.org\/v1\/wp-content\/uploads\/2015\/03\/inonu-ali-oncu-135x160.jpg 135w, https:\/\/ktbb.org\/v1\/wp-content\/uploads\/2015\/03\/inonu-ali-oncu-200x237.jpg 200w, https:\/\/ktbb.org\/v1\/wp-content\/uploads\/2015\/03\/inonu-ali-oncu-253x300.jpg 253w, https:\/\/ktbb.org\/v1\/wp-content\/uploads\/2015\/03\/inonu-ali-oncu.jpg 299w\" sizes=\"(max-width: 253px) 100vw, 253px\" \/><\/p>\n<p>1966 y\u0131l\u0131nda Adana\u2019da do\u011fdu, 1975\u2019te ailesiyle K\u0131br\u0131s\u2019a gelerek D\u00f6rtyol\u2019a yerle\u015fti.<\/p>\n<p>\u0130lkokulu D\u00f6rtyol \u0130lkokulu\u2019nda, ortaokul ve liseyi Gazima\u011fusa\u2019da tamamlad\u0131.<\/p>\n<p>\u0130stanbul Teknik \u00dcniversitesi Denizcilik Fak\u00fcltesi, Makine M\u00fchendisli\u011fi B\u00f6l\u00fcm\u00fc\u2019nden 1988 y\u0131l\u0131nda mezun oldu. Uzun y\u0131llar ba\u015fm\u00fchendis olarak g\u00f6rev ald\u0131.<\/p>\n<p>Daha sonra Gazima\u011fusa\u2019da kendi i\u015fini kurdu, ayn\u0131 zamanda YD\u00dc Denizcilik Fak\u00fcltesi\u2019nde yar\u0131 zamanl\u0131 \u00f6\u011fretim g\u00f6revlisi olarak \u00e7al\u0131\u015ft\u0131. Denizcilik \u00fczerine master yapan \u00d6nc\u00fc, halen siyaset bilimi ve kamu y\u00f6netimi konusunda LA\u00dc\u2019de doktora yap\u0131yor.<\/p>\n<p>2010\u2019dan beri \u0130n\u00f6n\u00fc Belediye Ba\u015fkanl\u0131\u011f\u0131 g\u00f6revini s\u00fcrd\u00fcren \u00d6nc\u00fc, evli iki \u00e7ocuk babas\u0131.<\/p>\n","protected":false},"excerpt":{"rendered":"<p>1966 y\u0131l\u0131nda Adana\u2019da do\u011fdu, 1975\u2019te ailesiyle K\u0131br\u0131s\u2019a gelerek D\u00f6rtyol\u2019a yerle\u015fti. [&hellip;]<\/p>\n","protected":false},"author":9,"featured_media":0,"parent":0,"menu_order":0,"comment_status":"closed","ping_status":"closed","template":"","meta":{"footnotes":""},"class_list":["post-2681","page","type-page","status-publish","hentry"],"_links":{"self":[{"href":"https:\/\/ktbb.org\/v1\/wp-json\/wp\/v2\/pages\/2681","targetHints":{"allow":["GET"]}}],"collection":[{"href":"https:\/\/ktbb.org\/v1\/wp-json\/wp\/v2\/pages"}],"about":[{"href":"https:\/\/ktbb.org\/v1\/wp-json\/wp\/v2\/types\/page"}],"author":[{"embeddable":true,"href":"https:\/\/ktbb.org\/v1\/wp-json\/wp\/v2\/users\/9"}],"replies":[{"embeddable":true,"href":"https:\/\/ktbb.org\/v1\/wp-json\/wp\/v2\/comments?post=2681"}],"version-history":[{"count":2,"href":"https:\/\/ktbb.org\/v1\/wp-json\/wp\/v2\/pages\/2681\/revisions"}],"predecessor-version":[{"id":9406,"href":"https:\/\/ktbb.org\/v1\/wp-json\/wp\/v2\/pages\/2681\/revisions\/9406"}],"wp:attachment":[{"href":"https:\/\/ktbb.org\/v1\/wp-json\/wp\/v2\/media?parent=2681"}],"curies":[{"name":"wp","href":"https:\/\/api.w.org\/{rel}","templated":true}]}}