{"id":2685,"date":"2023-05-11T09:49:20","date_gmt":"2023-05-11T07:49:20","guid":{"rendered":"http:\/\/ktbb.org\/v1\/?page_id=2685"},"modified":"2023-05-11T10:42:34","modified_gmt":"2023-05-11T08:42:34","slug":"ahmet-latif","status":"publish","type":"page","link":"https:\/\/ktbb.org\/v1\/ahmet-latif\/","title":{"rendered":"Ahmet Latif"},"content":{"rendered":"<p><img decoding=\"async\" class=\"alignnone size-medium wp-image-15278\" src=\"http:\/\/ktbb.org\/v1\/wp-content\/uploads\/2023\/05\/BASKAN-RESMI-300x199.jpg\" alt=\"\" width=\"300\" height=\"199\" srcset=\"https:\/\/ktbb.org\/v1\/wp-content\/uploads\/2023\/05\/BASKAN-RESMI-200x133.jpg 200w, https:\/\/ktbb.org\/v1\/wp-content\/uploads\/2023\/05\/BASKAN-RESMI-300x199.jpg 300w, https:\/\/ktbb.org\/v1\/wp-content\/uploads\/2023\/05\/BASKAN-RESMI-400x266.jpg 400w, https:\/\/ktbb.org\/v1\/wp-content\/uploads\/2023\/05\/BASKAN-RESMI-600x399.jpg 600w, https:\/\/ktbb.org\/v1\/wp-content\/uploads\/2023\/05\/BASKAN-RESMI-768x510.jpg 768w, https:\/\/ktbb.org\/v1\/wp-content\/uploads\/2023\/05\/BASKAN-RESMI-800x531.jpg 800w, https:\/\/ktbb.org\/v1\/wp-content\/uploads\/2023\/05\/BASKAN-RESMI-1024x680.jpg 1024w, https:\/\/ktbb.org\/v1\/wp-content\/uploads\/2023\/05\/BASKAN-RESMI-1200x797.jpg 1200w, https:\/\/ktbb.org\/v1\/wp-content\/uploads\/2023\/05\/BASKAN-RESMI-1536x1020.jpg 1536w, https:\/\/ktbb.org\/v1\/wp-content\/uploads\/2023\/05\/BASKAN-RESMI-scaled.jpg 2560w\" sizes=\"(max-width: 300px) 100vw, 300px\" \/><\/p>\n<p>1978 y\u0131l\u0131nda Lefko\u015fa\u2019da do\u011fdu. \u0130lkokulu Akdo\u011fan \u0130lkokulu\u2018nda, Ortaokul ve Lise e\u011fitimini ise Akdo\u011fan\u2019daki Polat Pa\u015fa Lisesi\u2019nde tamamlad\u0131.<\/p>\n<p>Bir y\u0131l Do\u011fu Akdeniz \u00dcniversitesi Elektrik Elektronik B\u00f6l\u00fcm\u00fcne devam etti.<\/p>\n<p>1999-2014 y\u0131llar\u0131 aras\u0131 K\u0131br\u0131s T\u00fcrk \u00d6\u011fretmenler Sendikas\u0131\u2019nda sekreterlik g\u00f6revi, 2012-2014 y\u0131llar\u0131 aras\u0131 Radyo May\u0131s\u2019\u0131n direkt\u00f6rl\u00fck g\u00f6revini y\u00fcr\u00fctt\u00fc.<\/p>\n<p>Bug\u00fcne kadar bir\u00e7ok sivil toplum \u00f6rg\u00fctlerinde de faal olan Latif, Avc\u0131l\u0131k ve At\u0131c\u0131l\u0131k Sporuna olan tutkusunda dolay\u0131 Akdo\u011fan Do\u011fa Avc\u0131l\u0131k ve At\u0131c\u0131l\u0131k Derne\u011fi ile Akdo\u011fan Belediyesi K\u00fclt\u00fcr Sanat ve Spor Derne\u011fi\u2019nin kurulmas\u0131nda \u00f6nc\u00fcl\u00fck yapt\u0131.<\/p>\n<p>2010 yerel se\u00e7imlerinde CTP Akdo\u011fan Belediye Meclis \u00fcyeli\u011fini kazanarak 2014 y\u0131l\u0131na kadar bu g\u00f6revde bulundu. 2014 yerel se\u00e7imlerinde Akdo\u011fan Belediye Ba\u015fkan\u0131 se\u00e7ilen Latif, 24 Haziran 2018&#8217;deki yerel se\u00e7imlerde de bu g\u00f6reve yeniden se\u00e7ildi.<\/p>\n<p>25 Aral\u0131k 2022\u2019de yap\u0131lan yerel se\u00e7imlerde de 4 belediyenin birle\u015ftirilmesi ile olu\u015fturulan (Akdo\u011fan, Vadili, Pa\u015fak\u00f6y, \u0130n\u00f6n\u00fc) Mesarya Belediyesi Ba\u015fkanl\u0131\u011f\u0131 g\u00f6revine se\u00e7ilmi\u015ftir. \u0130ngilizce bilen Ahmet Latif, evli ve 3 \u00e7ocuk babas\u0131d\u0131r.<\/p>\n","protected":false},"excerpt":{"rendered":"<p>1978 y\u0131l\u0131nda Lefko\u015fa\u2019da do\u011fdu. \u0130lkokulu Akdo\u011fan \u0130lkokulu\u2018nda, Ortaokul ve Lise [&hellip;]<\/p>\n","protected":false},"author":9,"featured_media":0,"parent":0,"menu_order":0,"comment_status":"closed","ping_status":"closed","template":"","meta":{"footnotes":""},"class_list":["post-2685","page","type-page","status-publish","hentry"],"_links":{"self":[{"href":"https:\/\/ktbb.org\/v1\/wp-json\/wp\/v2\/pages\/2685","targetHints":{"allow":["GET"]}}],"collection":[{"href":"https:\/\/ktbb.org\/v1\/wp-json\/wp\/v2\/pages"}],"about":[{"href":"https:\/\/ktbb.org\/v1\/wp-json\/wp\/v2\/types\/page"}],"author":[{"embeddable":true,"href":"https:\/\/ktbb.org\/v1\/wp-json\/wp\/v2\/users\/9"}],"replies":[{"embeddable":true,"href":"https:\/\/ktbb.org\/v1\/wp-json\/wp\/v2\/comments?post=2685"}],"version-history":[{"count":5,"href":"https:\/\/ktbb.org\/v1\/wp-json\/wp\/v2\/pages\/2685\/revisions"}],"predecessor-version":[{"id":15280,"href":"https:\/\/ktbb.org\/v1\/wp-json\/wp\/v2\/pages\/2685\/revisions\/15280"}],"wp:attachment":[{"href":"https:\/\/ktbb.org\/v1\/wp-json\/wp\/v2\/media?parent=2685"}],"curies":[{"name":"wp","href":"https:\/\/api.w.org\/{rel}","templated":true}]}}