{"id":2689,"date":"2023-05-11T09:51:16","date_gmt":"2023-05-11T07:51:16","guid":{"rendered":"http:\/\/ktbb.org\/v1\/?page_id=2689"},"modified":"2023-05-11T11:05:02","modified_gmt":"2023-05-11T09:05:02","slug":"halil-kasim","status":"publish","type":"page","link":"https:\/\/ktbb.org\/v1\/halil-kasim\/","title":{"rendered":"Halil Kas\u0131m"},"content":{"rendered":"<p><img decoding=\"async\" class=\"alignnone size-medium wp-image-15296\" src=\"http:\/\/ktbb.org\/v1\/wp-content\/uploads\/2023\/05\/Baskan-Resim-224x300.jpg\" alt=\"\" width=\"224\" height=\"300\" srcset=\"https:\/\/ktbb.org\/v1\/wp-content\/uploads\/2023\/05\/Baskan-Resim-200x268.jpg 200w, https:\/\/ktbb.org\/v1\/wp-content\/uploads\/2023\/05\/Baskan-Resim-224x300.jpg 224w, https:\/\/ktbb.org\/v1\/wp-content\/uploads\/2023\/05\/Baskan-Resim-400x537.jpg 400w, https:\/\/ktbb.org\/v1\/wp-content\/uploads\/2023\/05\/Baskan-Resim-600x805.jpg 600w, https:\/\/ktbb.org\/v1\/wp-content\/uploads\/2023\/05\/Baskan-Resim-763x1024.jpg 763w, https:\/\/ktbb.org\/v1\/wp-content\/uploads\/2023\/05\/Baskan-Resim-768x1030.jpg 768w, https:\/\/ktbb.org\/v1\/wp-content\/uploads\/2023\/05\/Baskan-Resim-800x1073.jpg 800w, https:\/\/ktbb.org\/v1\/wp-content\/uploads\/2023\/05\/Baskan-Resim.jpg 1080w\" sizes=\"(max-width: 224px) 100vw, 224px\" \/><\/p>\n<p>1977\u2019de Lefko\u015fa\u2019da d\u00fcnyaya geldi.<\/p>\n<p>\u0130lk\u00f6\u011frenimini G\u00f6rne\u00e7 \u0130lkokulu\u2019nda, Orta \u00d6\u011frenimini G\u00f6nendere \u015eht. Zeka \u00c7orba Ortaokulu\u2019nda, Lise \u00d6\u011frenimini Sedat Simavi End\u00fcstri Meslek Lisesi Elektronik B\u00f6l\u00fcm\u00fc\u2019nde tamamlad\u0131.<\/p>\n<p>1997-2002 y\u0131llar\u0131 aras\u0131nda \u00f6zel bir \u015firkette m\u00fcd\u00fcr olarak g\u00f6rev ald\u0131.<\/p>\n<p>2002\u2019de kendi i\u015f yerini kurarak ofis makineleri, tamir ve sat\u0131\u015f\u0131na ba\u015flad\u0131.<\/p>\n<p>2000-2014 y\u0131llar\u0131 aras\u0131nda G\u00f6rne\u00e7 Spor Kul\u00fcb\u00fc Ba\u015fkanl\u0131\u011f\u0131 yapt\u0131.<\/p>\n<p>2010-2014 y\u0131llar\u0131 aras\u0131nda Serdarl\u0131 Belediyesi\u2019nde Meclis \u00dcyeli\u011fi ve son iki y\u0131l\u0131nda Asba\u015fkanl\u0131k g\u00f6revini s\u00fcrd\u00fcrd\u00fc. 24 Haziran 2018\u2019deki yerel se\u00e7imlerde UBP Serdarl\u0131 Belediye Ba\u015fkanl\u0131\u011f\u0131na se\u00e7ilen Kas\u0131m, Aral\u0131k 2022\u2019de ger\u00e7ekle\u015ftirilen yerel se\u00e7imde ise belediyelerin birle\u015ftirilmesiyle Ge\u00e7itkale-Serdarl\u0131 Belediye Ba\u015fkanl\u0131\u011f\u0131\u2019na se\u00e7ildi.<\/p>\n<p>Evli ve iki \u00e7ocuk babas\u0131d\u0131r.<\/p>\n<p>&nbsp;<\/p>\n","protected":false},"excerpt":{"rendered":"<p>1977\u2019de Lefko\u015fa\u2019da d\u00fcnyaya geldi. \u0130lk\u00f6\u011frenimini G\u00f6rne\u00e7 \u0130lkokulu\u2019nda, Orta \u00d6\u011frenimini G\u00f6nendere [&hellip;]<\/p>\n","protected":false},"author":9,"featured_media":0,"parent":0,"menu_order":0,"comment_status":"closed","ping_status":"closed","template":"","meta":{"footnotes":""},"class_list":["post-2689","page","type-page","status-publish","hentry"],"_links":{"self":[{"href":"https:\/\/ktbb.org\/v1\/wp-json\/wp\/v2\/pages\/2689","targetHints":{"allow":["GET"]}}],"collection":[{"href":"https:\/\/ktbb.org\/v1\/wp-json\/wp\/v2\/pages"}],"about":[{"href":"https:\/\/ktbb.org\/v1\/wp-json\/wp\/v2\/types\/page"}],"author":[{"embeddable":true,"href":"https:\/\/ktbb.org\/v1\/wp-json\/wp\/v2\/users\/9"}],"replies":[{"embeddable":true,"href":"https:\/\/ktbb.org\/v1\/wp-json\/wp\/v2\/comments?post=2689"}],"version-history":[{"count":5,"href":"https:\/\/ktbb.org\/v1\/wp-json\/wp\/v2\/pages\/2689\/revisions"}],"predecessor-version":[{"id":15299,"href":"https:\/\/ktbb.org\/v1\/wp-json\/wp\/v2\/pages\/2689\/revisions\/15299"}],"wp:attachment":[{"href":"https:\/\/ktbb.org\/v1\/wp-json\/wp\/v2\/media?parent=2689"}],"curies":[{"name":"wp","href":"https:\/\/api.w.org\/{rel}","templated":true}]}}