{"id":2695,"date":"2018-11-21T13:51:55","date_gmt":"2018-11-21T13:51:55","guid":{"rendered":"http:\/\/ktbb.org\/v1\/?page_id=2695"},"modified":"2020-12-22T06:37:45","modified_gmt":"2020-12-22T06:37:45","slug":"cemal-erdogan","status":"publish","type":"page","link":"https:\/\/ktbb.org\/v1\/cemal-erdogan\/","title":{"rendered":"Cemal Erdo\u011fan"},"content":{"rendered":"<p><img decoding=\"async\" class=\"alignnone size-medium wp-image-1806\" src=\"http:\/\/ktbb.org\/v1\/wp-content\/uploads\/2015\/03\/esentepe-cemal-erdogan-300x162.jpg\" alt=\"\" width=\"300\" height=\"162\" srcset=\"https:\/\/ktbb.org\/v1\/wp-content\/uploads\/2015\/03\/esentepe-cemal-erdogan-160x86.jpg 160w, https:\/\/ktbb.org\/v1\/wp-content\/uploads\/2015\/03\/esentepe-cemal-erdogan-200x108.jpg 200w, https:\/\/ktbb.org\/v1\/wp-content\/uploads\/2015\/03\/esentepe-cemal-erdogan-300x162.jpg 300w, https:\/\/ktbb.org\/v1\/wp-content\/uploads\/2015\/03\/esentepe-cemal-erdogan-400x216.jpg 400w, https:\/\/ktbb.org\/v1\/wp-content\/uploads\/2015\/03\/esentepe-cemal-erdogan-600x324.jpg 600w, https:\/\/ktbb.org\/v1\/wp-content\/uploads\/2015\/03\/esentepe-cemal-erdogan-768x415.jpg 768w, https:\/\/ktbb.org\/v1\/wp-content\/uploads\/2015\/03\/esentepe-cemal-erdogan-800x432.jpg 800w, https:\/\/ktbb.org\/v1\/wp-content\/uploads\/2015\/03\/esentepe-cemal-erdogan.jpg 857w\" sizes=\"(max-width: 300px) 100vw, 300px\" \/><\/p>\n<p>1969\u2019da Trabzon\u2019da do\u011fan Cemal Erdo\u011fan, 1975\u2019te K\u0131br\u0131s\u2019a yerle\u015fti.<\/p>\n<p>\u0130lk ve ortaokulu Esentepe\u2019de, liseyi G\u00fczelyurt\u2019ta okudu. 1992\u2019de kamu g\u00f6revlisi olarak Spor Dairesi\u2019nde g\u00f6reve ba\u015flad\u0131.<\/p>\n<p>25 y\u0131l aktif futbol ve 10 y\u0131l hentbol oynad\u0131. Her iki bran\u015fta da milli tak\u0131mlar seviyesinde g\u00f6rev ald\u0131. Hentbolda 5 y\u0131l arka arkaya gol kral\u0131 oldu. Hentbolda en iyi oyuncu, futbolda en iyi kaleci \u00f6d\u00fcllerinin sahibi. Esentepe Belediyesi salon sporlar\u0131 tak\u0131m antren\u00f6rl\u00fc\u011f\u00fc yapt\u0131.<\/p>\n<p>2014\u2019ten bu yana Esentepe Belediye Ba\u015fkanl\u0131\u011f\u0131 g\u00f6revini s\u00fcrd\u00fcren Erdo\u011fan orta derecede \u0130ngilizce biliyor, evli ve d\u00f6rt \u00e7ocuk babas\u0131.<\/p>\n","protected":false},"excerpt":{"rendered":"<p>1969\u2019da Trabzon\u2019da do\u011fan Cemal Erdo\u011fan, 1975\u2019te K\u0131br\u0131s\u2019a yerle\u015fti. \u0130lk ve [&hellip;]<\/p>\n","protected":false},"author":9,"featured_media":0,"parent":0,"menu_order":0,"comment_status":"closed","ping_status":"closed","template":"","meta":{"footnotes":""},"class_list":["post-2695","page","type-page","status-publish","hentry"],"_links":{"self":[{"href":"https:\/\/ktbb.org\/v1\/wp-json\/wp\/v2\/pages\/2695","targetHints":{"allow":["GET"]}}],"collection":[{"href":"https:\/\/ktbb.org\/v1\/wp-json\/wp\/v2\/pages"}],"about":[{"href":"https:\/\/ktbb.org\/v1\/wp-json\/wp\/v2\/types\/page"}],"author":[{"embeddable":true,"href":"https:\/\/ktbb.org\/v1\/wp-json\/wp\/v2\/users\/9"}],"replies":[{"embeddable":true,"href":"https:\/\/ktbb.org\/v1\/wp-json\/wp\/v2\/comments?post=2695"}],"version-history":[{"count":7,"href":"https:\/\/ktbb.org\/v1\/wp-json\/wp\/v2\/pages\/2695\/revisions"}],"predecessor-version":[{"id":9811,"href":"https:\/\/ktbb.org\/v1\/wp-json\/wp\/v2\/pages\/2695\/revisions\/9811"}],"wp:attachment":[{"href":"https:\/\/ktbb.org\/v1\/wp-json\/wp\/v2\/media?parent=2695"}],"curies":[{"name":"wp","href":"https:\/\/api.w.org\/{rel}","templated":true}]}}