{"id":2703,"date":"2018-11-21T13:53:09","date_gmt":"2018-11-21T13:53:09","guid":{"rendered":"http:\/\/ktbb.org\/v1\/?page_id=2703"},"modified":"2020-11-16T12:04:35","modified_gmt":"2020-11-16T12:04:35","slug":"hasan-barbaros","status":"publish","type":"page","link":"https:\/\/ktbb.org\/v1\/hasan-barbaros\/","title":{"rendered":"Hasan Barbaros"},"content":{"rendered":"<p><img decoding=\"async\" src=\"http:\/\/ktbb.org\/v1\/wp-content\/uploads\/2015\/03\/akincilar-hasan-barbaros-300x279.jpg\" alt=\"\" width=\"300\" height=\"279\" class=\"alignnone size-medium wp-image-1800\" srcset=\"https:\/\/ktbb.org\/v1\/wp-content\/uploads\/2015\/03\/akincilar-hasan-barbaros-160x149.jpg 160w, https:\/\/ktbb.org\/v1\/wp-content\/uploads\/2015\/03\/akincilar-hasan-barbaros-200x186.jpg 200w, https:\/\/ktbb.org\/v1\/wp-content\/uploads\/2015\/03\/akincilar-hasan-barbaros-300x279.jpg 300w, https:\/\/ktbb.org\/v1\/wp-content\/uploads\/2015\/03\/akincilar-hasan-barbaros-400x372.jpg 400w, https:\/\/ktbb.org\/v1\/wp-content\/uploads\/2015\/03\/akincilar-hasan-barbaros-600x559.jpg 600w, https:\/\/ktbb.org\/v1\/wp-content\/uploads\/2015\/03\/akincilar-hasan-barbaros-768x715.jpg 768w, https:\/\/ktbb.org\/v1\/wp-content\/uploads\/2015\/03\/akincilar-hasan-barbaros-800x745.jpg 800w, https:\/\/ktbb.org\/v1\/wp-content\/uploads\/2015\/03\/akincilar-hasan-barbaros.jpg 825w\" sizes=\"(max-width: 300px) 100vw, 300px\" \/><\/p>\n<p>1961\u2019de Ak\u0131nc\u0131lar\u2019da do\u011fan Hasan Barbaros, \u00e7ift\u00e7ilik ve hayvanc\u0131l\u0131kla u\u011fra\u015ft\u0131. Uzun y\u0131llar s\u00fct nakliyecili\u011fi yapt\u0131.<\/p>\n<p>1994\u2019ten 2006\u2019a y\u0131l\u0131na kadar \u00fc\u00e7 d\u00f6nem Ak\u0131nc\u0131lar muhtarl\u0131\u011f\u0131 g\u00f6revinde bulundu.<\/p>\n<p>Evli ve iki \u00e7ocuk babas\u0131 olan Barbaros, 2006\u2019da se\u00e7ildi\u011fi Ak\u0131nc\u0131lar Belediye Ba\u015fkanl\u0131\u011f\u0131 g\u00f6revini o y\u0131ldan beri kesintisiz s\u00fcrd\u00fcr\u00fcyor.<\/p>\n<p>Just ensure that you do not skip <a href=\"https:\/\/www.affordable-papers.net\/\">paper money login<\/a> any of those older subjects that you already understand.<\/p>\n","protected":false},"excerpt":{"rendered":"<p>1961\u2019de Ak\u0131nc\u0131lar\u2019da do\u011fan Hasan Barbaros, \u00e7ift\u00e7ilik ve hayvanc\u0131l\u0131kla u\u011fra\u015ft\u0131. Uzun [&hellip;]<\/p>\n","protected":false},"author":9,"featured_media":0,"parent":0,"menu_order":0,"comment_status":"closed","ping_status":"closed","template":"","meta":{"footnotes":""},"class_list":["post-2703","page","type-page","status-publish","hentry"],"_links":{"self":[{"href":"https:\/\/ktbb.org\/v1\/wp-json\/wp\/v2\/pages\/2703","targetHints":{"allow":["GET"]}}],"collection":[{"href":"https:\/\/ktbb.org\/v1\/wp-json\/wp\/v2\/pages"}],"about":[{"href":"https:\/\/ktbb.org\/v1\/wp-json\/wp\/v2\/types\/page"}],"author":[{"embeddable":true,"href":"https:\/\/ktbb.org\/v1\/wp-json\/wp\/v2\/users\/9"}],"replies":[{"embeddable":true,"href":"https:\/\/ktbb.org\/v1\/wp-json\/wp\/v2\/comments?post=2703"}],"version-history":[{"count":3,"href":"https:\/\/ktbb.org\/v1\/wp-json\/wp\/v2\/pages\/2703\/revisions"}],"predecessor-version":[{"id":9413,"href":"https:\/\/ktbb.org\/v1\/wp-json\/wp\/v2\/pages\/2703\/revisions\/9413"}],"wp:attachment":[{"href":"https:\/\/ktbb.org\/v1\/wp-json\/wp\/v2\/media?parent=2703"}],"curies":[{"name":"wp","href":"https:\/\/api.w.org\/{rel}","templated":true}]}}