{"id":3079,"date":"2018-12-20T11:51:29","date_gmt":"2018-12-20T11:51:29","guid":{"rendered":"http:\/\/ktbb.org\/v1\/?page_id=3079"},"modified":"2018-12-20T11:51:29","modified_gmt":"2018-12-20T11:51:29","slug":"26-temmuz-2018-2-yurutme-kurulu-toplantisi","status":"publish","type":"page","link":"https:\/\/ktbb.org\/v1\/26-temmuz-2018-2-yurutme-kurulu-toplantisi\/","title":{"rendered":"26 Temmuz 2018\/2. Y\u00fcr\u00fctme Kurulu Toplant\u0131s\u0131"},"content":{"rendered":"\n<p><strong>Karar No:<\/strong><strong><\/strong><\/p>\n\n\n\n<p><strong>85\/018<\/strong> \u00a0\u00a0\u00a0\u00a0\u00a0\u00a0 \u00d6denebilirlikdurumlar\u0131 dikkate al\u0131narak Belediyeler Birli\u011fi\u2019ne borcu olan Belediyelerin 2020 Haziran ay\u0131n\u0131n sonuna kadar eski bor\u00e7lar\u0131n yap\u0131land\u0131r\u0131lmas\u0131n\u0131n haz\u0131rlanmas\u0131na ve yap\u0131land\u0131rman\u0131n bir sonraki Belediyeler Birli\u011fi toplant\u0131s\u0131nda sunulmas\u0131na oybirli\u011fi ile karar verilir. <\/p>\n\n\n\n<p><strong>86\/018\u00a0\u00a0\u00a0\u00a0\u00a0\u00a0 <\/strong>Belediyelerin ekte g\u00f6r\u00fclen listedeki mal al\u0131m\u0131 i\u015flemlerinde ilgili Belediyead\u0131na yap\u0131lan mal al\u0131m\u0131nda \u00f6deme ko\u015fulunun sat\u0131c\u0131 taraf\u0131 ile Belediyeler Birli\u011fi aras\u0131nda bir vadeye ba\u011flanmas\u0131 halinde, vade sonuna kadar ilgili Belediyenin sat\u0131n al\u0131nan mal\u0131n bedelini \u00f6demesine, \u00f6dememesi halinde Devlet katk\u0131s\u0131ndan do\u011frudankesilmesi y\u00f6n\u00fcnde ilgili Belediyeden yaz\u0131l\u0131 taahh\u00fct al\u0131nmas\u0131na oy birli\u011fi ilekarar verilir.<\/p>\n\n\n\n<p><strong>87\/018\u00a0\u00a0\u00a0\u00a0\u00a0\u00a0 <\/strong>Belediyeler Birli\u011fi\u2019nin Ara\u00e7 Park\u0131\u2019n\u0131n zenginle\u015ftirmesi amac\u0131 ile \u00c7\u00f6pKonteynerlerini Y\u0131kama Arac\u0131 al\u0131nmas\u0131 ve S\u0131cak Yol Boyas\u0131 Makinesi al\u0131nmas\u0131y\u00f6n\u00fcnde T\u00fcrkiye Belediyeler Birli\u011fi ve T\u00fcrk D\u00fcnyas\u0131 Belediyeler Birli\u011fi\u2019nden yard\u0131m talebinde bulunulmas\u0131na oy birli\u011fi ile karar verilir. <\/p>\n\n\n\n<p><strong>88\/018\u00a0\u00a0\u00a0\u00a0\u00a0\u00a0\u00a0  <\/strong>Belediyeler Birli\u011fi tahsisinde bulunan Girne ve Ma\u011fusa\u2019da bulunan ve F\u0131r\u0131n olarak bilinen iki binan\u0131n kiras\u0131n\u0131n belirlenmesine y\u00f6nelik olarak her iki binan\u0131n yerindeg\u00f6r\u00fclmesine ve halen kirac\u0131 olarak bu binalar\u0131 kullanan ki\u015filer ile g\u00f6r\u00fc\u015f\u00fclerek gerekirse kullan\u0131lmayan k\u0131s\u0131mlar\u0131n Belediyeler Birli\u011fine iadesinin isti\u015fareedilmesine oy birli\u011fi ile karar verilir.<\/p>\n\n\n\n<p><strong>89\/018<\/strong> \u00a0\u00a0\u00a0\u00a0\u00a0\u00a0 Belediyeler Birli\u011fi\u2019nin kira y\u00f6ntemi ile kullan\u0131m\u0131na ald\u0131\u011f\u0131 ambar binas\u0131n\u0131n 2.500 TL (\u0130ki binbe\u015f y\u00fcz T\u00fcrk Liras\u0131) ayl\u0131k kira bedeli ile kiralanmas\u0131na ve mevcut s\u00f6zle\u015fmenin ayn\u0131 \u015fartlarda bir y\u0131l s\u00fcre ile yenilenmesi y\u00f6n\u00fcnde Belediyeler Birli\u011fi Ba\u015fkan\u0131\u2019na yetki verilmesine oy birli\u011fi ile karar verilir. <\/p>\n\n\n\n<p><strong>90\/018\u00a0\u00a0\u00a0\u00a0\u00a0\u00a0 <\/strong>Se\u00e7im \u00f6ncesinde 2. El Ekskavat\u00f6r al\u0131nmas\u0131 ile ilgili Rekabet Kurulununtalep etti\u011fi bilgiler yaz\u0131l\u0131 olarak, Rekabet Kurulu\u2019na bildirildi\u011finden, Rekabet Kurulu\u2019ndan gelecek yan\u0131ta g\u00f6re konunun yeniden g\u00f6r\u00fc\u015f\u00fclmesine oybirli\u011fi ile karar verilir.<\/p>\n\n\n\n<p><strong>91\/018 \u00a0\u00a0\u00a0\u00a0\u00a0\u00a0 <\/strong>20\/2016 Say\u0131l\u0131 Kamu \u0130hale Yasas\u0131\u2019n\u0131n 12. Maddesi uyar\u0131nca Kamu \u0130hale Yasas\u0131 Uyar\u0131nca, Kamu \u0130hale De\u011ferlendirme Komisyonu\u2019nun a\u015fa\u011f\u0131daki ki\u015filerden olu\u015fmas\u0131na oybirli\u011fi ile karar verilir. <\/p>\n\n\n\n<ol class=\"wp-block-list\"><li>Mahmut \u00d6z\u00e7\u0131nar &nbsp;&nbsp;&nbsp;&nbsp;Ba\u015fkan (G\u00fczelyurt Belediyesi ve K.T.B.B Ba\u015fkan\u0131)<\/li><li>Mehmet Harmanc\u0131 &nbsp;\u00dcye &nbsp;&nbsp;(Lefko\u015fa T\u00fcrk Belediyesi ve Birlik Asba\u015fkan\u0131)<\/li><li>\u0130smail Arter&nbsp;&nbsp;&nbsp;&nbsp;&nbsp;&nbsp;&nbsp;&nbsp;&nbsp; &nbsp;&nbsp;&nbsp;\u00dcye &nbsp;(Ma\u011fusa\nBelediyesi Ba\u015fkan\u0131)<\/li><li>Nidai G\u00fcng\u00f6rd\u00fc &nbsp;&nbsp;&nbsp;&nbsp;&nbsp;&nbsp;\u00dcye &nbsp;(Girne Belediyesi Ba\u015fkan\u0131)<\/li><li>Muammer G\u00fcne\u015f &nbsp;&nbsp;&nbsp;&nbsp;\u00dcye &nbsp;(Belediyeler\nBirli\u011fi Personeli) <\/li><\/ol>\n\n\n\n<p><strong>92\/018\n&nbsp;&nbsp;&nbsp;&nbsp;&nbsp; <\/strong>Belediyeler Birli\u011finde hizmet al\u0131m\u0131 y\u00f6ntemi ile Hukuk M\u00fc\u015favirli\u011fi hizmeti\n&nbsp;vermekte olan Av. M\u00fcjgan Irkad\u2019\u0131n bir\nayl\u0131k hizmet al\u0131m\u0131 kar\u015f\u0131l\u0131\u011f\u0131 olarak almakta oldu\u011fu y\u00fcr\u00fcrl\u00fckte olan bir asgari\n\u00fccret+935 TL+KDV\u2019den olu\u015fan bedel ile y\u0131ll\u0131k s\u00f6zle\u015fme imzalanmas\u0131na oy birli\u011fi\nile karar verilir.<\/p>\n\n\n\n<p><strong>93\/018 &nbsp;&nbsp;&nbsp;&nbsp;&nbsp; <\/strong>Lefke\nBelediyesinin olu\u015fturaca\u011f\u0131 \u2018\u2019 LEFBEL\u2019\u2019 isimli \u015eirketine K\u0131br\u0131s T\u00fcrk Belediyeler\nBirli\u011finin %1 Hisse ile ortak olmas\u0131na oy birli\u011fi ile karar verilir.<\/p>\n\n\n\n<p><strong>94\/018<\/strong> \u00a0\u00a0\u00a0\u00a0\u00a0\u00a0 T\u00fcrkiyeBelediyeler Birli\u011fi Ba\u015fkan\u0131na Eyl\u00fcl 2018 ay\u0131 i\u00e7erisinde Resmi ziyareti yap\u0131lmas\u0131na oy birli\u011fi ile karar verilir.<\/p>\n\n\n\n<p><strong>95\/018<\/strong> \u00a0\u00a0\u00a0\u00a0\u00a0\u00a0 T\u00fcrkiye BelediyelerBirli\u011fi ekte bir n\u00fcshas\u0131 g\u00f6r\u00fclen \u0130\u015fbirli\u011fi Protokol\u00fcn\u00fcn\u00a0 imzalanmas\u0131na ve Say\u0131n Mahmut \u00d6z\u00e7\u0131nar\u2019\u0131n imzalamayayetkili k\u0131l\u0131nmas\u0131na oy birli\u011fi ile karar verilir.<\/p>\n\n\n\n<p><strong>96\/018<\/strong> \u00a0\u00a0\u00a0\u00a0\u00a0\u00a0 K.K.T.CBelediyeleri ile ilgili Mevzuat\u0131n g\u00fcncellenmesi y\u00f6n\u00fcnde \u00e7al\u0131\u015fma grubu veya gruplar\u0131 olu\u015fturulmas\u0131na, olu\u015fturulacak gruplarda uzman olarak bulunmas\u0131nda yarar g\u00f6r\u00fclecek ki\u015filerden en fazla \u00fc\u00e7 ayl\u0131k s\u00fcreli hizmet al\u0131m\u0131 yap\u0131lmas\u0131na oybirli\u011fi ile karar verilir.<\/p>\n\n\n\n<p><strong>97\/018\u00a0\u00a0\u00a0\u00a0\u00a0\u00a0  <\/strong>Alt\u0131 Ayl\u0131k D\u00f6nemin B\u00fct\u00e7e Gelir Giderlerin Mali \u0130\u015fler Sorumlusu Kaz\u0131m Tekel taraf\u0131ndan okunup Ba\u015fkanlara bilgi verilmi\u015ftir.<\/p>\n","protected":false},"excerpt":{"rendered":"<p>Karar No: 85\/018 \u00a0\u00a0\u00a0\u00a0\u00a0\u00a0 \u00d6denebilirlikdurumlar\u0131 dikkate al\u0131narak Belediyeler Birli\u011fi\u2019ne borcu [&hellip;]<\/p>\n","protected":false},"author":9,"featured_media":0,"parent":0,"menu_order":0,"comment_status":"closed","ping_status":"closed","template":"","meta":{"footnotes":""},"class_list":["post-3079","page","type-page","status-publish","hentry"],"_links":{"self":[{"href":"https:\/\/ktbb.org\/v1\/wp-json\/wp\/v2\/pages\/3079","targetHints":{"allow":["GET"]}}],"collection":[{"href":"https:\/\/ktbb.org\/v1\/wp-json\/wp\/v2\/pages"}],"about":[{"href":"https:\/\/ktbb.org\/v1\/wp-json\/wp\/v2\/types\/page"}],"author":[{"embeddable":true,"href":"https:\/\/ktbb.org\/v1\/wp-json\/wp\/v2\/users\/9"}],"replies":[{"embeddable":true,"href":"https:\/\/ktbb.org\/v1\/wp-json\/wp\/v2\/comments?post=3079"}],"version-history":[{"count":1,"href":"https:\/\/ktbb.org\/v1\/wp-json\/wp\/v2\/pages\/3079\/revisions"}],"predecessor-version":[{"id":3080,"href":"https:\/\/ktbb.org\/v1\/wp-json\/wp\/v2\/pages\/3079\/revisions\/3080"}],"wp:attachment":[{"href":"https:\/\/ktbb.org\/v1\/wp-json\/wp\/v2\/media?parent=3079"}],"curies":[{"name":"wp","href":"https:\/\/api.w.org\/{rel}","templated":true}]}}