{"id":3082,"date":"2018-12-20T11:55:46","date_gmt":"2018-12-20T11:55:46","guid":{"rendered":"http:\/\/ktbb.org\/v1\/?page_id=3082"},"modified":"2018-12-20T11:55:47","modified_gmt":"2018-12-20T11:55:47","slug":"11-eylul-2018-3-yurutme-kurulu-toplantisi","status":"publish","type":"page","link":"https:\/\/ktbb.org\/v1\/11-eylul-2018-3-yurutme-kurulu-toplantisi\/","title":{"rendered":"11 Eyl\u00fcl 2018\/ 3. Y\u00fcr\u00fctme Kurulu Toplant\u0131s\u0131"},"content":{"rendered":"\n<p><strong>Karar No:<\/strong><strong><\/strong><\/p>\n\n\n\n<p><strong>98\/018\u00a0\u00a0 \u00a0\u00a0\u00a0<\/strong>Belediyeler Birli\u011fi,\u00a0 Birlik Y\u00fcr\u00fctme Kuruluna Belediyelerinin\u00a0 ya\u015fad\u0131\u011f\u0131 mali sorunlar\u0131n \u00e7\u00f6z\u00fcm\u00fc ve gelirlerinin art\u0131r\u0131lmas\u0131 i\u00e7in yap\u0131lacak i\u015flemlerin a\u015fa\u011f\u0131daki \u015fekilde listelenerek bir paket haline getirilmesine ve bir sonraki Birlik Y\u00fcr\u00fctmeKurulu toplant\u0131s\u0131nda son \u015feklini vermek \u00fczere Y\u00f6netim Kurulu \u00dcyelerine birn\u00fcshas\u0131n\u0131n g\u00f6nderilmesine oy birli\u011fi ile karar verilir.<\/p>\n\n\n\n<ol class=\"wp-block-list\"><li>Belediyelerin\nkamu ama\u00e7l\u0131 ara\u00e7 al\u0131m\u0131nda KDV muafiyetinin getirilmesi.<\/li><li>&nbsp;T.C. Kalk\u0131nma ve Ekonomik \u0130\u015fbirli\u011fi Ofisi\nProjelerinde muafiyet getirilmesi.<\/li><li>Piyangolar Yasas\u0131nda\nE\u011flence resmi ad\u0131 alt\u0131nda ve\/veya \u015eans Oyunlar\u0131 resmi ad\u0131 alt\u0131nda al\u0131nmakta\nolan verginin belli bir oran\u0131n\u0131n, s\u0131n\u0131rlar\u0131 i\u00e7inde bulundu\u011fu Belediyeye katk\u0131\nolarak verilmesi i\u00e7in mevzuat \u00e7al\u0131\u015fmas\u0131 yap\u0131lmas\u0131.<\/li><li>Sabit radarlarla\nbelirlenmekte olan para cezalar\u0131ndan belli bir oran\u0131n\u0131n Belediyelere aktar\u0131lmas\u0131.<\/li><li>Halen devletin\nuygulamakta oldu\u011fu bir y\u0131l s\u00fcreli kiralamalarda al\u0131nmayan ve\/veya Belediyelere\n\u00f6denmeyen Emlak Vergisinin \u00f6denmesi y\u00f6n\u00fcnde mevzuat d\u00fczenlemesi yap\u0131lmas\u0131.<\/li><li>K.K.T.C Kara\nkap\u0131lar\u0131nda yap\u0131lan g\u00fcmr\u00fckleme i\u015flemleri sonucu al\u0131nan g\u00fcmr\u00fck vergisinin\nbelirli oran\u0131n ilgili Belediyeye verilmesi y\u00f6n\u00fcnde mevzuat d\u00fczenlemesi ve\/veya\nYasa G\u00fcc\u00fcnde Kararname \u00e7\u0131kar\u0131lmas\u0131.<\/li><li>TL yabanc\u0131\nparalar kar\u015f\u0131s\u0131nda de\u011fer kaybetmesi sonucu olu\u015fan b\u00fct\u00e7e a\u00e7\u0131klar\u0131n\u0131 kar\u015f\u0131lanmas\u0131\ni\u00e7in Belediyelere ek \u00f6denek sa\u011flanmas\u0131. Genel b\u00fct\u00e7enin olanaklar\u0131na g\u00f6re\nBelediyelerin b\u00fct\u00e7e a\u00e7\u0131klar\u0131n\u0131n giderilmesine katk\u0131 sa\u011flanmas\u0131 amac\u0131yla\nBelediyelere avans verilmesi.<\/li><li>Cep telefonu \u00fccretlerinde\nelektrik t\u00fcketimi \u00fccretlerinden k\u0131ymet \u00fccreti al\u0131nmas\u0131 y\u00f6n\u00fcnde tedbir al\u0131nmas\u0131\nve\/veya mevzuat \u00e7al\u0131\u015fmas\u0131na dahili y\u00f6n\u00fcnde karar \u00fcretilmesi.<\/li><li>Belediyeler\nYasas\u0131n\u0131n tadili y\u00f6n\u00fcnde biran evvel yap\u0131lm\u0131\u015f olan \u00e7al\u0131\u015fman\u0131n Bakanlar\nKurulunda ve Meclis Komitelerine aktar\u0131lmas\u0131.<\/li><\/ol>\n\n\n\n<p><strong>\u00a0 99\/018<\/strong>\u00a0\u00a0\u00a0\u00a0\u00a0 \u0130kinci el ekskavat\u00f6ral\u0131m\u0131 konusunda Rekabet Kurulun\u2019dan gelen yaz\u0131i\u00e7eri\u011fi toplant\u0131da tart\u0131\u015f\u0131ld\u0131. \u0130hale i\u015flemitamamland\u0131, ihale bedelinin ihalenin a\u00e7\u0131ld\u0131\u011f\u0131 kurdan kar\u015f\u0131l\u0131\u011f\u0131 TL olarakhesapland\u0131\u011f\u0131ndan ve TL kar\u015f\u0131l\u0131\u011f\u0131 ilgili firman\u0131n teklifi olarak kabuledildi\u011fi a\u00e7\u0131kland\u0131\u011f\u0131 anda bu a\u00e7\u0131klamaya itiraz eden olmad\u0131\u011f\u0131ndan ve bu bedelindi\u011fer teklife g\u00f6re avantajl\u0131 teklif kabul edildi\u011finden al\u0131nan karara g\u00f6re\nihale Trucks Trad\u0131ng Ltd\u2019 de kald\u0131\u011f\u0131 karar\u0131 sonras\u0131 Rekabet Kuruluna da\nyaz\u0131l\u0131 bildirdi\u011fi gibi Trucks Trad\u0131ng Ltd\u2019 in teklifi dikkate al\u0131narak ihale\nbedeli olarak Trucks Trad\u0131ng Ltd\u2019e \u00f6deme yap\u0131ld\u0131\u011f\u0131ndan, halen bu konu ile\nilgili K.T. Belediyeler Birli\u011fi Ba\u015fkan\u0131 Mahmut \u00d6Z\u00c7INAR\u2019\u0131n Artesa Ltd yetkilisi\n\u015eaban EMRE ile telefoniyen yapm\u0131\u015f oldu\u011fu g\u00f6r\u00fc\u015fmede \u015eaban EMRE\u2019nin bu ihale ile\nilgili vermi\u015f oldu\u011fu teklifte \u0131srarl\u0131 olmad\u0131\u011f\u0131n\u0131 belirtmesi ve teklifte vermi\u015f\noldu\u011fu miktar kar\u015f\u0131l\u0131\u011f\u0131nda teklifte vermeyi taahh\u00fct etti\u011fi ikinci el ekskavat\u00f6r\u00fc\nTL\u2019 nin de\u011fer kayb\u0131 dikkate al\u0131nd\u0131\u011f\u0131nda bu arac\u0131 bu fiyata veremeyece\u011fini beyan\netmesi nedeni ile K.T. Belediyeler Birli\u011fi\u2019nin kamu menfaatini dikkate alarak\nTrucks Trad\u0131ng Ltd\u2019e vermi\u015f oldu\u011fu mebla\u011f kar\u015f\u0131l\u0131\u011f\u0131nda Trucks Ltd\u2019in teklif\netmi\u015f oldu\u011fu ikinci el ekskavat\u00f6r d\u00fczeyinde \/ kalitesinde ba\u015fka ikinci el ekskavat\u00f6r\nal\u0131nmas\u0131n\u0131n &nbsp;m\u00fcmk\u00fcn olamayaca\u011f\u0131 dikkate\nal\u0131nd\u0131\u011f\u0131nda, al\u0131nm\u0131\u015f olan karar\u0131n geri al\u0131nmas\u0131nda isabet g\u00f6r\u00fclmedi\u011finden\nge\u00e7mi\u015f Y\u00fcr\u00fctme Kurulunun ve \u0130hale De\u011ferlendirme Komisyonunun ald\u0131\u011f\u0131 kararlara\nm\u00fcdahale edilmemesine ve ekskavat\u00f6r\u00fcn K.T. Belediyeler Birli\u011finin ve \u00fcyelerinin\nacil kullan\u0131m ihtiya\u00e7lar\u0131 dikkate al\u0131narak Trucks Trad\u0131ng Ltd\u2019 den teslim\nal\u0131nmas\u0131na oy birli\u011fi ile karar verilir.<\/p>\n\n\n\n<p><strong>100\/018&nbsp;&nbsp;&nbsp;&nbsp;&nbsp; <\/strong>K.T.\nBelediyeler Birli\u011fi Ortak Ara\u00e7 Park\u0131na ait i\u015f ara\u00e7lar\u0131n\u0131n g\u00fcnl\u00fck fiyatlar\u0131 &nbsp;11 Eyl\u00fcl 2018 tarihinden itibaren a\u015fa\u011f\u0131daki\ngibi olmas\u0131na oy birli\u011fi ile karar verilir. <\/p>\n\n\n\n<p><strong>&nbsp;&nbsp;&nbsp;&nbsp;&nbsp;&nbsp;&nbsp;&nbsp;&nbsp;&nbsp;&nbsp;&nbsp;&nbsp;&nbsp;&nbsp;&nbsp;&nbsp;&nbsp;&nbsp;&nbsp; <\/strong>Greyder ve Ekskavat\u00f6r.<\/p>\n\n\n\n<p>&nbsp;&nbsp;&nbsp;&nbsp;&nbsp;&nbsp;&nbsp;&nbsp;&nbsp;&nbsp;&nbsp;&nbsp;&nbsp;&nbsp;&nbsp;&nbsp;&nbsp;&nbsp;&nbsp; -Bizim Personel Olunca 400\nTL\/ g\u00fcn <\/p>\n\n\n\n<p>&nbsp;&nbsp;&nbsp;&nbsp;&nbsp;&nbsp;&nbsp;&nbsp;&nbsp;&nbsp;&nbsp;&nbsp;&nbsp;&nbsp;&nbsp;&nbsp;&nbsp;&nbsp;&nbsp; -Belediye Personeli Olunca\n200 TL\/ g\u00fcn<\/p>\n\n\n\n<p>&nbsp;&nbsp;&nbsp;&nbsp;&nbsp;&nbsp;&nbsp;&nbsp;&nbsp;&nbsp;&nbsp;&nbsp;&nbsp;&nbsp;&nbsp;&nbsp;&nbsp;&nbsp;&nbsp;&nbsp; &nbsp;Slindir ve Lift<\/p>\n\n\n\n<p>&nbsp;&nbsp;&nbsp;&nbsp;&nbsp;&nbsp;&nbsp;&nbsp;&nbsp;&nbsp;&nbsp;&nbsp;&nbsp;&nbsp;&nbsp;&nbsp;&nbsp;&nbsp;&nbsp;&nbsp; -Bizim Personel Olunca 300\nTL\/ g\u00fcn<\/p>\n\n\n\n<p>&nbsp;&nbsp;&nbsp;&nbsp;&nbsp;&nbsp;&nbsp;&nbsp; &nbsp;&nbsp;&nbsp;&nbsp;&nbsp;&nbsp;&nbsp;&nbsp;&nbsp;&nbsp;&nbsp;&nbsp;-Belediye Personeli Olunca 150 TL\/\ng\u00fcn<\/p>\n\n\n\n<p><strong>101\n\/018&nbsp;&nbsp;&nbsp;&nbsp; <\/strong>Macaristan, Azerbaycan ve Bosna Hersek Yerel Y\u00f6netim\nYetkililerinin davet yaz\u0131lar\u0131 de\u011ferlendirildi. Bu davet yaz\u0131lar\u0131na hangi\nBelediyelerin Birlik ve veya Y\u00f6netim Kurulu ad\u0131na heyet olarak ziyaret\nedilece\u011fi konusunda heyetlerin olu\u015fturulmas\u0131 ve organizasyonun yap\u0131lmas\u0131na ve\nbu konuda Birlik Ba\u015fkan\u0131n\u0131n tam yetkili olmas\u0131na, \u00f6zellikle karde\u015f \u015fehir olarak\nse\u00e7ilen Belediyelerin heyetlerde \u00f6ncelikle yer almas\u0131na \u00f6zen g\u00f6sterilmesine oy\nbirli\u011fi ile karar verilir.&nbsp;&nbsp; <\/p>\n\n\n\n<p><strong>102 \/018\u00a0\u00a0\u00a0\u00a0 <\/strong>K\u0131y\u0131Ege Belediyeler Birli\u011fi taraf\u0131ndan giderlerinin kar\u015f\u0131lanmas\u0131yla Ala\u00e7at\u0131, Urla, \u00c7e\u015fme,Narl\u0131dere, Seferihisar\u2019a yap\u0131lacak olan, Eski K\u00fclt\u00fcrel Varl\u0131klar\u0131n Korunmas\u0131 veGastronomi \u00fczerinde yap\u0131lacak bilgilendirme \u00e7al\u0131\u015fmalar\u0131nda temsil edilmek \u00fczere K.T. Belediyeler Birli\u011finden bir heyetin kat\u0131lmas\u0131na oy birli\u011fi ile kararverilir.<\/p>\n\n\n\n<p><strong>103\/018&nbsp;&nbsp;&nbsp;&nbsp;&nbsp; &#8211;<\/strong>\nHalen T\u00fcrkiye\u2019den gelensuyun\nfiyatland\u0131r\u0131lmas\u0131nda su t\u00fcketimi artt\u0131k\u00e7a &nbsp;&nbsp;&nbsp;birim fiyat\u0131n\u0131n y\u00fckselmesi \u015fekilde bir\nd\u00fczenleme mevzuat oldu\u011fundan, Su t\u00fcketicileri y\u00fcksek bedelden su almamak i\u00e7in\nt\u00fcketimlerini s\u0131n\u0131rlamakta oldu\u011fu T\u00fcrkiye Cumhuriyetin\u2019den gelen suyun&nbsp; b\u00fcy\u00fck bir k\u0131sm\u0131 denize d\u00f6k\u00fclmesine ra\u011fmen t\u00fcketicilerimiz\nyeterince bu sulardan faydalanamamaktad\u0131r. T\u00fcketimi cazip hale getirmek ve\ngelen suyun denize d\u00f6k\u00fclmesini engellenmek a\u00e7\u0131s\u0131ndan bir Genel Kurul yap\u0131larak hem\nfikir olaca\u011f\u0131 \u015fekilde uygulanmak \u00fczere tek bir fiyat\u0131n\nbelirlenmesine ve t\u00fcketim artt\u0131k\u00e7a birim fiyat\u0131 d\u00fc\u015fecek \u015fekilde ayarlanmas\u0131\ny\u00f6n\u00fcnde \u00e7al\u0131\u015fma yap\u0131lmas\u0131na oy birli\u011fi ile karar verilir.<\/p>\n\n\n\n<p>-MEWA \u00dcyeliklerinin devam\u0131na oy birli\u011fi ile kararverilir. Bu ama\u00e7la Birli\u011fi temsilen Beyarmudu Belediye Ba\u015fkan\u0131 \u0130lker ED\u0130P\u2019in MEWA toplant\u0131lar\u0131na kat\u0131lmas\u0131na oy birli\u011fi ile karar verilir.<\/p>\n\n\n\n<p>-T\u00fcrkiye\u2019deki Belediyelerin ve Belediyeler Birliklerininyasal uygulamalar\u0131\u00a0 ile Kuzey K\u0131br\u0131sT\u00fcrk Cumhuriyetindeki yasal uygulamalar\u0131n yeterlili\u011finin ve ileria\u00e7\u0131l\u0131mlar\u0131n\u0131n\u00a0 yap\u0131lmas\u0131na olanaksa\u011flamak \u00fczere T\u00fcrkiye Belediyeler Birli\u011finin hukuk birimi ile temaslardabulunmak \u00fczere Birlik Hukuk dan\u0131\u015fman\u0131 M\u00fcjgan IRKAD\u2019\u0131n belirlenecek bir tarihteAnkara\u2019ya g\u00f6nderilmesine oy birli\u011fi ile karar verilir.<\/p>\n\n\n\n<p>-T\u00fcrk D\u00fcnyas\u0131 Belediyeler Birli\u011finin 2019 y\u0131l\u0131i\u00e7erisinde Belediye Ba\u015fkanlar\u0131nay\u00f6nelik yap\u0131lacak olan e\u011fitim \u00e7al\u0131\u015fmalar\u0131 ile ilgili program\u0131n haz\u0131rlanmas\u0131na vebir ay i\u00e7erisinde t\u00fcm Belediyelere ula\u015ft\u0131r\u0131lmas\u0131na oy birli\u011fi ile kararverilir.<\/p>\n\n\n\n<p>-K.K.T.C Cumhurba\u015fkanl\u0131\u011f\u0131\u2019n\u0131ntalebi \u0131\u015f\u0131\u011f\u0131nda \u201cTemiz D\u00fc\u015f\u00fcn Kampanyas\u0131na\u201d Belediyeler de katk\u0131 koymas\u0131amac\u0131yla t\u00fcm Belediyeleri kapsayan ve Belediyelerin aktif olaca\u011f\u0131 bir\u00e7al\u0131\u015fman\u0131n 15 \u2013 20 Kas\u0131m tarihleri aras\u0131ndaki bir g\u00fcnde \u00e7al\u0131\u015fma yapmak \u00fczerebir sonraki Y\u00fcr\u00fctme Kurulu toplant\u0131s\u0131nda bir g\u00fcn belirlenmesine ve belirlenecekg\u00fcnde t\u00fcm Belediyelerin Temiz D\u00fc\u015f\u00fcn Kampanyas\u0131na kat\u0131lmalar\u0131na oy birli\u011fi ile karar verilir.<\/p>\n\n\n\n<p>-Daha \u00f6nceden Belediyeler Birli\u011fi Y\u00f6netim Kurulu Karar\u0131olup da \u00f6demesi \u00a0yap\u0131lmakta olan ceptelefonlar\u0131na ilaveten Belediyeler Birli\u011fi Ba\u015fkan\u0131n\u0131n 0542 8513200 numaral\u0131 cep telefonu faturas\u0131n\u0131n d\u00fczenli olarak Birlik taraf\u0131ndan \u00f6denmesine oy birli\u011fi ilekarar verilir.<\/p>\n","protected":false},"excerpt":{"rendered":"<p>Karar No: 98\/018\u00a0\u00a0 \u00a0\u00a0\u00a0Belediyeler Birli\u011fi,\u00a0 Birlik Y\u00fcr\u00fctme Kuruluna Belediyelerinin\u00a0 ya\u015fad\u0131\u011f\u0131 [&hellip;]<\/p>\n","protected":false},"author":9,"featured_media":0,"parent":0,"menu_order":0,"comment_status":"closed","ping_status":"closed","template":"","meta":{"footnotes":""},"class_list":["post-3082","page","type-page","status-publish","hentry"],"_links":{"self":[{"href":"https:\/\/ktbb.org\/v1\/wp-json\/wp\/v2\/pages\/3082","targetHints":{"allow":["GET"]}}],"collection":[{"href":"https:\/\/ktbb.org\/v1\/wp-json\/wp\/v2\/pages"}],"about":[{"href":"https:\/\/ktbb.org\/v1\/wp-json\/wp\/v2\/types\/page"}],"author":[{"embeddable":true,"href":"https:\/\/ktbb.org\/v1\/wp-json\/wp\/v2\/users\/9"}],"replies":[{"embeddable":true,"href":"https:\/\/ktbb.org\/v1\/wp-json\/wp\/v2\/comments?post=3082"}],"version-history":[{"count":1,"href":"https:\/\/ktbb.org\/v1\/wp-json\/wp\/v2\/pages\/3082\/revisions"}],"predecessor-version":[{"id":3083,"href":"https:\/\/ktbb.org\/v1\/wp-json\/wp\/v2\/pages\/3082\/revisions\/3083"}],"wp:attachment":[{"href":"https:\/\/ktbb.org\/v1\/wp-json\/wp\/v2\/media?parent=3082"}],"curies":[{"name":"wp","href":"https:\/\/api.w.org\/{rel}","templated":true}]}}