{"id":3084,"date":"2018-12-20T12:01:02","date_gmt":"2018-12-20T12:01:02","guid":{"rendered":"http:\/\/ktbb.org\/v1\/?page_id=3084"},"modified":"2018-12-20T12:01:03","modified_gmt":"2018-12-20T12:01:03","slug":"29-kasim-2018-4-yurutme-kurulu-toplantisi","status":"publish","type":"page","link":"https:\/\/ktbb.org\/v1\/29-kasim-2018-4-yurutme-kurulu-toplantisi\/","title":{"rendered":"29 Kas\u0131m 2018\/4. Y\u00fcr\u00fctme Kurulu Toplant\u0131s\u0131"},"content":{"rendered":"\n<p><strong>Karar No: 104\/2018 <\/strong><\/p>\n\n\n\n<p>\u00a0\u00a0\u00a0\u00a0\u00a0\u00a0\u00a0\u00a0\u00a0\u00a0\u00a0\u00a0\u00a0\u00a0\u00a0\u00a0\u00a0\u00a0 Ge\u00e7itkale Belediyesinin olu\u015fturaca\u011f\u0131 \u2018GECBEL\u2019\u2019 \u015firketine Belediyeler Birli\u011finin % 1 oran\u0131nda hisse ileortak olmas\u0131 hususu g\u00fcndeme getirilerek tart\u0131\u015f\u0131ld\u0131 ve Belediyeler Birli\u011finin %1 oran\u0131nda hissedar olmas\u0131 oy birli\u011fi ile kabul edildi.<\/p>\n\n\n\n<p><strong>Karar No: 105\/2018<\/strong><\/p>\n\n\n\n<p><strong>\u00a0\u00a0\u00a0\u00a0 \u00a0\u00a0\u00a0\u00a0\u00a0\u00a0\u00a0\u00a0\u00a0\u00a0\u00a0\u00a0\u00a0<\/strong>Belediyelerin Mal al\u0131mlar\u0131n\u0131 m\u00fcmk\u00fcn mertebe Belediyeler Birli\u011fi\u00fczerinden yapmas\u0131 konusunda tavsiye karar\u0131 al\u0131nd\u0131. Mahmut \u00d6Z\u00c7INAR Belediyeler Birli\u011fi ambar\u0131nda stokta bulunan malzemelerin ve\/veya mallar\u0131n ortalama her Belediyeye ayl\u0131k katk\u0131 \/aidat paylar\u0131 dikkate al\u0131narak Belediyeler aras\u0131nda birtablo olu\u015fturdu\u011funu ve bu tabloda belirtilen miktarlar kadar Belediyelere stokta bulunan mallardan, malzemelerden ihtiya\u00e7lar\u0131 olan \u00e7e\u015fitlerdenBelediyelere yard\u0131m olarak verilmesini ve bu yard\u0131mla ilgili haz\u0131rlanan tabloyu Birlik Y\u00fcr\u00fctme Kuruluna sundu ve Birlik Y\u00fcr\u00fctme Kurulu oy birli\u011fi ile onaylad\u0131.<\/p>\n\n\n\n<p><\/p>\n\n\n\n<p><\/p>\n\n\n\n<p><\/p>\n","protected":false},"excerpt":{"rendered":"<p>Karar No: 104\/2018 \u00a0\u00a0\u00a0\u00a0\u00a0\u00a0\u00a0\u00a0\u00a0\u00a0\u00a0\u00a0\u00a0\u00a0\u00a0\u00a0\u00a0\u00a0 Ge\u00e7itkale Belediyesinin olu\u015fturaca\u011f\u0131 \u2018GECBEL\u2019\u2019 \u015firketine Belediyeler [&hellip;]<\/p>\n","protected":false},"author":9,"featured_media":0,"parent":0,"menu_order":0,"comment_status":"closed","ping_status":"closed","template":"","meta":{"footnotes":""},"class_list":["post-3084","page","type-page","status-publish","hentry"],"_links":{"self":[{"href":"https:\/\/ktbb.org\/v1\/wp-json\/wp\/v2\/pages\/3084","targetHints":{"allow":["GET"]}}],"collection":[{"href":"https:\/\/ktbb.org\/v1\/wp-json\/wp\/v2\/pages"}],"about":[{"href":"https:\/\/ktbb.org\/v1\/wp-json\/wp\/v2\/types\/page"}],"author":[{"embeddable":true,"href":"https:\/\/ktbb.org\/v1\/wp-json\/wp\/v2\/users\/9"}],"replies":[{"embeddable":true,"href":"https:\/\/ktbb.org\/v1\/wp-json\/wp\/v2\/comments?post=3084"}],"version-history":[{"count":1,"href":"https:\/\/ktbb.org\/v1\/wp-json\/wp\/v2\/pages\/3084\/revisions"}],"predecessor-version":[{"id":3085,"href":"https:\/\/ktbb.org\/v1\/wp-json\/wp\/v2\/pages\/3084\/revisions\/3085"}],"wp:attachment":[{"href":"https:\/\/ktbb.org\/v1\/wp-json\/wp\/v2\/media?parent=3084"}],"curies":[{"name":"wp","href":"https:\/\/api.w.org\/{rel}","templated":true}]}}