{"id":36,"date":"2015-03-07T07:39:12","date_gmt":"2015-03-07T07:39:12","guid":{"rendered":"http:\/\/ktbb.org\/v1\/?page_id=36"},"modified":"2023-05-11T11:17:12","modified_gmt":"2023-05-11T09:17:12","slug":"belediyeler","status":"publish","type":"page","link":"https:\/\/ktbb.org\/v1\/belediyeler\/","title":{"rendered":"Belediyeler"},"content":{"rendered":"<p>&nbsp;<\/p>\n<p>&nbsp;<\/p>\n<table border=\"0\" width=\"70%\" cellspacing=\"0\" cellpadding=\"5\" align=\"center\">\n<tbody>\n<tr>\n<td bgcolor=\"#ececec\" width=\"191\" height=\"26\"><strong>BELED\u0130YE<\/strong><\/td>\n<td bgcolor=\"#ececec\" width=\"387\"><strong>BELED\u0130YE\u00a0BA\u015eKANI<\/strong><\/td>\n<\/tr>\n<tr>\n<td class=\"xl26\" width=\"191\" height=\"26\"><a href=\"https:\/\/www.lefkosabelediyesi.org\/\" target=\"_blank\" rel=\"noopener\"><strong><span style=\"color: #000000;\">LEFKO\u015eA<\/span><\/strong><\/a><\/td>\n<td width=\"387\"><a href=\"http:\/\/ktbb.org\/v1\/mehmet-harmanci\/\"><strong><span style=\"color: #000000;\">MEHMET HARMANCI (TDP)<\/span><\/strong><\/a><\/td>\n<\/tr>\n<tr>\n<td class=\"xl24\" width=\"191\" height=\"26\"><a href=\"https:\/\/www.gazimagusabelediyesi.org\/\" target=\"_blank\" rel=\"noopener\"><strong><span style=\"color: #000000;\">GAZ\u0130MA\u011eUSA<\/span><\/strong><\/a><\/td>\n<td width=\"387\"><a href=\"http:\/\/ktbb.org\/v1\/dr-suleyman-ulucay\/\"><strong><span style=\"color: #000000;\"><span style=\"caret-color: #000000;\">S\u00dcLEYMAN ULU\u00c7AY (CTP)<\/span><\/span><\/strong><\/a><\/td>\n<\/tr>\n<tr>\n<td class=\"xl24\" width=\"191\" height=\"26\"><a href=\"http:\/\/www.girnebelediyesi.com\/\" target=\"_blank\" rel=\"noopener\"><strong><span style=\"color: #000000;\">G\u0130RNE<\/span><\/strong><\/a><\/td>\n<td width=\"387\"><a href=\"http:\/\/ktbb.org\/v1\/murat-senkul\/\"><strong><span style=\"color: #000000;\">MURAT \u015eENKUL (CTP)<\/span><\/strong><\/a><\/td>\n<\/tr>\n<tr>\n<td class=\"xl24\" width=\"191\" height=\"26\"><a href=\"https:\/\/www.gonyeli.org\/\" target=\"_blank\" rel=\"noopener\"><strong><span style=\"color: #000000;\">G\u00d6NYEL\u0130-ALAYK\u00d6Y<\/span><\/strong><\/a><\/td>\n<td width=\"387\"><a href=\"http:\/\/ktbb.org\/v1\/huseyin-amcaoglu\/\"><strong><span style=\"color: #000000;\">H\u00dcSEY\u0130N AMCAO\u011eLU (UBP)<\/span><\/strong><\/a><\/td>\n<\/tr>\n<tr>\n<td class=\"xl24\" width=\"191\" height=\"26\"><a href=\"https:\/\/www.facebook.com\/alsancak.belediyesi\/?locale=tr_TR\" target=\"_blank\" rel=\"noopener\"><strong><span style=\"color: #000000;\">LAPTA-ALSANCAK-\u00c7AMLIBEL<\/span><\/strong><\/a><\/td>\n<td width=\"387\"><a href=\"http:\/\/ktbb.org\/v1\/firat-ataser\/\"><strong><span style=\"color: #000000;\">FIRAT ATASER (Ba\u011f\u0131ms\u0131z)<\/span><\/strong><\/a><\/td>\n<\/tr>\n<tr>\n<td class=\"xl24\" width=\"191\" height=\"26\"><a href=\"https:\/\/www.guzelyurtbelediyesi.com\/\" target=\"_blank\" rel=\"noopener\"><strong><span style=\"color: #000000;\">G\u00dcZELYURT<\/span><\/strong><\/a><\/td>\n<td width=\"387\"><a href=\"http:\/\/ktbb.org\/v1\/mahmut-ozcinar\/\"><strong><span style=\"color: #000000;\">MAHMUT \u00d6Z\u00c7INAR (UBP)<\/span><\/strong><\/a><\/td>\n<\/tr>\n<tr>\n<td class=\"xl24\" width=\"191\" height=\"26\"><a href=\"https:\/\/degirmenlik.org\/\" target=\"_blank\" rel=\"noopener\"><strong><span style=\"color: #000000;\">DE\u011e\u0130RMENL\u0130K-AKINCILAR<\/span><\/strong><\/a><\/td>\n<td width=\"387\"><a href=\"http:\/\/ktbb.org\/v1\/ali-karavezirler\/\"><strong><span style=\"color: #000000;\">AL\u0130 KARAVEZ\u0130RLER (CTP)<\/span><\/strong><\/a><\/td>\n<\/tr>\n<tr>\n<td class=\"xl24\" width=\"191\" height=\"26\"><a href=\"https:\/\/www.dikmenbelediyesi.com\/\" target=\"_blank\" rel=\"noopener\"><strong><span style=\"color: #000000;\">D\u0130KMEN<\/span><\/strong><\/a><\/td>\n<td width=\"387\"><a href=\"http:\/\/ktbb.org\/v1\/yuksel-celebi\/\"><strong><span style=\"color: #000000;\">Y\u00dcKSEL \u00c7ELEB\u0130 (CTP)<\/span><\/strong><\/a><\/td>\n<\/tr>\n<tr>\n<td class=\"xl24\" width=\"191\" height=\"26\"><a href=\"https:\/\/www.lefkebelediyesi.com\/\" target=\"_blank\" rel=\"noopener\"><strong><span style=\"color: #000000;\">LEFKE<\/span><\/strong><\/a><\/td>\n<td width=\"387\"><a href=\"http:\/\/ktbb.org\/v1\/aziz-kaya\/\"><strong><span style=\"color: #000000;\">AZ\u0130Z KAYA (CTP)<\/span><\/strong><\/a><\/td>\n<\/tr>\n<tr>\n<td class=\"xl24\" width=\"191\" height=\"26\"><a href=\"https:\/\/www.facebook.com\/akdogan.belediyesi\/?locale=tr_TR\" target=\"_blank\" rel=\"noopener\"><strong><span style=\"color: #000000;\"><span style=\"caret-color: #000000;\">MESARYA<\/span><\/span><\/strong><\/a><\/td>\n<td width=\"387\"><a href=\"http:\/\/ktbb.org\/v1\/ahmet-latif\/\"><strong><span style=\"color: #000000;\">AHMET LAT\u0130F (CTP)<\/span><\/strong><\/a><\/td>\n<\/tr>\n<tr>\n<td class=\"xl24\" width=\"191\" height=\"26\"><a href=\"https:\/\/www.facebook.com\/catalkoybelediye\/?locale=tr_TR\" target=\"_blank\" rel=\"noopener\"><span style=\"color: #000000;\"><b><strong><span style=\"caret-color: #000000;\">\u00c7ATALK\u00d6Y-ESENTEPE<\/span><\/strong><\/b><\/span><\/a><\/td>\n<td width=\"387\"><a href=\"http:\/\/ktbb.org\/v1\/ceyhun-kirok\/\"><strong><span style=\"color: #000000;\">CEYHUN KIROK (CTP)<\/span><\/strong><\/a><\/td>\n<\/tr>\n<tr>\n<td class=\"xl24\" width=\"191\" height=\"26\"><a href=\"https:\/\/www.iskelebelediyesi.com\/\" target=\"_blank\" rel=\"noopener\"><strong><span style=\"color: #000000;\"><span style=\"caret-color: #000000;\">\u0130SKELE<\/span><\/span><\/strong><\/a><\/td>\n<td width=\"387\"><a href=\"http:\/\/ktbb.org\/v1\/hasan-sadikoglu\/\"><strong><span style=\"color: #000000;\">HASAN SADIKO\u011eLU (UBP)<\/span><\/strong><\/a><\/td>\n<\/tr>\n<tr>\n<td class=\"xl24\" width=\"191\" height=\"26\"><a href=\"https:\/\/www.facebook.com\/profile.php?id=100089599029338\" target=\"_blank\" rel=\"noopener\"><strong><span style=\"color: #000000;\"><span style=\"caret-color: #000000;\">ERENK\u00d6Y-KARPAZ<\/span><\/span><\/strong><\/a><\/td>\n<td width=\"387\"><a href=\"http:\/\/ktbb.org\/v1\/dr-hamit-bakirci\/\"><strong><span style=\"color: #000000;\">HAM\u0130T BAKIRCI (UBP)<\/span><\/strong><\/a><\/td>\n<\/tr>\n<tr>\n<td class=\"xl24\" width=\"191\" height=\"26\"><a href=\"https:\/\/www.ybbelediyesi.com\/\" target=\"_blank\" rel=\"noopener\"><strong><span style=\"color: #000000;\"><span style=\"caret-color: #000000;\">YEN\u0130 BO\u011eAZ\u0130\u00c7\u0130<\/span><\/span><\/strong><\/a><\/td>\n<td width=\"387\"><a href=\"http:\/\/ktbb.org\/v1\/katip-demir\/\"><strong><span style=\"color: #000000;\">KAT\u0130P DEM\u0130R (Ba\u011f\u0131ms\u0131z)<\/span><\/strong><\/a><\/td>\n<\/tr>\n<tr>\n<td class=\"xl24\" width=\"191\" height=\"26\"><a href=\"https:\/\/www.facebook.com\/profile.php?id=100004925520333\" target=\"_blank\" rel=\"noopener\"><strong><span style=\"color: #000000;\"><span style=\"caret-color: #000000;\">GE\u00c7\u0130TKALE-SERDARLI<\/span><\/span><\/strong><\/a><\/td>\n<td width=\"387\"><a href=\"http:\/\/ktbb.org\/v1\/halil-kasim\/\"><strong><span style=\"color: #000000;\"><span style=\"caret-color: #000000;\">HAL\u0130L KASIM (UBP)<\/span><\/span><\/strong><\/a><\/td>\n<\/tr>\n<tr>\n<td class=\"xl24\" width=\"191\" height=\"26\"><a href=\"https:\/\/www.facebook.com\/mehmetcikbuyukkonuk?locale=tr_TR\" target=\"_blank\" rel=\"noopener\"><strong><span style=\"color: #000000;\"><span style=\"caret-color: #000000;\">MEHMET\u00c7\u0130K-B\u00dcY\u00dcKKONUK<\/span><\/span><\/strong><\/a><\/td>\n<td width=\"387\"><a href=\"http:\/\/ktbb.org\/v1\/dr-fatma-cimen-tuglu\/\"><strong><span style=\"color: #000000;\">FAT<\/span><\/strong><strong><span style=\"color: #000000;\">MA \u00c7\u0130MEN TU\u011eLU (UBP<\/span><\/strong><strong><span style=\"color: #000000;\">)<\/span><\/strong><\/a><\/td>\n<\/tr>\n<tr>\n<td class=\"xl24\" width=\"191\" height=\"26\"><a href=\"https:\/\/www.facebook.com\/Nejlahulus.77?locale=tr_TR\" target=\"_blank\" rel=\"noopener\"><strong><span style=\"color: #000000;\">BEYARMUDU<\/span><\/strong><\/a><\/td>\n<td width=\"387\"><a href=\"http:\/\/ktbb.org\/v1\/bulent-bebek\/\"><strong><span style=\"color: #000000;\">B\u00dcLENT BEBEK (Ba\u011f\u0131ms\u0131z)\u00a0<\/span><\/strong><\/a><\/td>\n<\/tr>\n<tr>\n<td class=\"xl24\" width=\"191\" height=\"26\"><a href=\"https:\/\/www.tatlisubelediyesi.org\/\" target=\"_blank\" rel=\"noopener\"><strong><span style=\"color: #000000;\"><span style=\"caret-color: #000000;\">TATLISU<\/span><\/span><\/strong><\/a><\/td>\n<td width=\"387\"><a href=\"http:\/\/ktbb.org\/v1\/ahmet-hayri-orcan\/\"><strong><span style=\"color: #000000;\">HAYR\u0130 OR\u00c7AN (DP)<\/span><\/strong><\/a><\/td>\n<\/tr>\n<tr>\n<td class=\"xl24\" width=\"191\" height=\"26\"><\/td>\n<td width=\"387\"><\/td>\n<\/tr>\n<tr>\n<td class=\"xl24\" width=\"191\" height=\"26\"><\/td>\n<td width=\"387\"><\/td>\n<\/tr>\n<tr>\n<td class=\"xl24\" width=\"191\" height=\"26\"><\/td>\n<td width=\"387\"><\/td>\n<\/tr>\n<tr>\n<td class=\"xl24\" width=\"191\" height=\"26\"><\/td>\n<td width=\"387\"><\/td>\n<\/tr>\n<tr>\n<td class=\"xl24\" width=\"191\" height=\"26\"><\/td>\n<td width=\"387\"><\/td>\n<\/tr>\n<tr>\n<td class=\"xl24\" width=\"191\" height=\"26\"><\/td>\n<td width=\"387\"><\/td>\n<\/tr>\n<tr>\n<td class=\"xl24\" width=\"191\" height=\"26\"><\/td>\n<td width=\"387\"><\/td>\n<\/tr>\n<tr>\n<td class=\"xl24\" width=\"191\" height=\"26\"><\/td>\n<td width=\"387\"><\/td>\n<\/tr>\n<tr>\n<td class=\"xl24\" width=\"191\" height=\"26\"><\/td>\n<td width=\"387\"><\/td>\n<\/tr>\n<tr>\n<td class=\"xl24\" width=\"191\" height=\"26\"><\/td>\n<td width=\"387\"><\/td>\n<\/tr>\n<\/tbody>\n<\/table>\n<p>&nbsp;<\/p>\n","protected":false},"excerpt":{"rendered":"<p>&nbsp; &nbsp; BELED\u0130YE BELED\u0130YE\u00a0BA\u015eKANI LEFKO\u015eA MEHMET HARMANCI (TDP) GAZ\u0130MA\u011eUSA S\u00dcLEYMAN [&hellip;]<\/p>\n","protected":false},"author":9,"featured_media":0,"parent":0,"menu_order":0,"comment_status":"open","ping_status":"closed","template":"","meta":{"footnotes":""},"class_list":["post-36","page","type-page","status-publish","hentry"],"_links":{"self":[{"href":"https:\/\/ktbb.org\/v1\/wp-json\/wp\/v2\/pages\/36","targetHints":{"allow":["GET"]}}],"collection":[{"href":"https:\/\/ktbb.org\/v1\/wp-json\/wp\/v2\/pages"}],"about":[{"href":"https:\/\/ktbb.org\/v1\/wp-json\/wp\/v2\/types\/page"}],"author":[{"embeddable":true,"href":"https:\/\/ktbb.org\/v1\/wp-json\/wp\/v2\/users\/9"}],"replies":[{"embeddable":true,"href":"https:\/\/ktbb.org\/v1\/wp-json\/wp\/v2\/comments?post=36"}],"version-history":[{"count":76,"href":"https:\/\/ktbb.org\/v1\/wp-json\/wp\/v2\/pages\/36\/revisions"}],"predecessor-version":[{"id":15313,"href":"https:\/\/ktbb.org\/v1\/wp-json\/wp\/v2\/pages\/36\/revisions\/15313"}],"wp:attachment":[{"href":"https:\/\/ktbb.org\/v1\/wp-json\/wp\/v2\/media?parent=36"}],"curies":[{"name":"wp","href":"https:\/\/api.w.org\/{rel}","templated":true}]}}