{"id":38,"date":"2015-03-07T07:41:19","date_gmt":"2015-03-07T07:41:19","guid":{"rendered":"http:\/\/ktbb.org\/v1\/?page_id=38"},"modified":"2025-09-08T13:45:41","modified_gmt":"2025-09-08T11:45:41","slug":"greyder","status":"publish","type":"page","link":"https:\/\/ktbb.org\/v1\/greyder\/","title":{"rendered":"Greyder, Silindir ve Ekskavat\u00f6r Hizmetleri"},"content":{"rendered":"<p>T\u00fcm belediyelerimizin kullan\u0131m\u0131na a\u00e7\u0131k olan Ortak Ara\u00e7 Park\u0131\u2019nda halk\u0131m\u0131za daha h\u0131zl\u0131, kaliteli ve kesintisiz hizmet sunulmas\u0131 amac\u0131yla 3 adet greyder, 2 adet silindir ve 2 adet paletli ekskavat\u00f6r arac\u0131m\u0131z bulunmaktad\u0131r.<\/p>\n<p><img decoding=\"async\" class=\"alignnone wp-image-20754\" src=\"http:\/\/ktbb.org\/v1\/wp-content\/uploads\/2025\/09\/greyder-1-300x159.png\" alt=\"\" width=\"270\" height=\"143\" srcset=\"https:\/\/ktbb.org\/v1\/wp-content\/uploads\/2025\/09\/greyder-1-200x106.png 200w, https:\/\/ktbb.org\/v1\/wp-content\/uploads\/2025\/09\/greyder-1-300x159.png 300w, https:\/\/ktbb.org\/v1\/wp-content\/uploads\/2025\/09\/greyder-1-400x212.png 400w, https:\/\/ktbb.org\/v1\/wp-content\/uploads\/2025\/09\/greyder-1.png 429w\" sizes=\"(max-width: 270px) 100vw, 270px\" \/> <img decoding=\"async\" class=\"alignnone wp-image-20755\" src=\"http:\/\/ktbb.org\/v1\/wp-content\/uploads\/2025\/09\/greyder-2-300x158.jpg\" alt=\"\" width=\"272\" height=\"143\" srcset=\"https:\/\/ktbb.org\/v1\/wp-content\/uploads\/2025\/09\/greyder-2-200x105.jpg 200w, https:\/\/ktbb.org\/v1\/wp-content\/uploads\/2025\/09\/greyder-2-300x158.jpg 300w, https:\/\/ktbb.org\/v1\/wp-content\/uploads\/2025\/09\/greyder-2-400x211.jpg 400w, https:\/\/ktbb.org\/v1\/wp-content\/uploads\/2025\/09\/greyder-2.jpg 550w\" sizes=\"(max-width: 272px) 100vw, 272px\" \/> <img decoding=\"async\" class=\"alignnone wp-image-20756\" src=\"http:\/\/ktbb.org\/v1\/wp-content\/uploads\/2025\/09\/Volvo-G930-Greyder-300x200.jpg\" alt=\"\" width=\"246\" height=\"164\" srcset=\"https:\/\/ktbb.org\/v1\/wp-content\/uploads\/2025\/09\/Volvo-G930-Greyder-200x133.jpg 200w, https:\/\/ktbb.org\/v1\/wp-content\/uploads\/2025\/09\/Volvo-G930-Greyder-300x200.jpg 300w, https:\/\/ktbb.org\/v1\/wp-content\/uploads\/2025\/09\/Volvo-G930-Greyder-400x266.jpg 400w, https:\/\/ktbb.org\/v1\/wp-content\/uploads\/2025\/09\/Volvo-G930-Greyder.jpg 448w\" sizes=\"(max-width: 246px) 100vw, 246px\" \/><\/p>\n<p>&nbsp;<\/p>\n<p><img decoding=\"async\" class=\"alignnone  wp-image-20757\" src=\"http:\/\/ktbb.org\/v1\/wp-content\/uploads\/2025\/09\/1223943_0-jpg-66-6840-silindir-2.png\" alt=\"\" width=\"231\" height=\"172\" srcset=\"https:\/\/ktbb.org\/v1\/wp-content\/uploads\/2025\/09\/1223943_0-jpg-66-6840-silindir-2-200x149.png 200w, https:\/\/ktbb.org\/v1\/wp-content\/uploads\/2025\/09\/1223943_0-jpg-66-6840-silindir-2.png 260w\" sizes=\"(max-width: 231px) 100vw, 231px\" \/> <img decoding=\"async\" class=\"alignnone  wp-image-20758\" src=\"http:\/\/ktbb.org\/v1\/wp-content\/uploads\/2025\/09\/bandajli-silindir-300x204.jpg\" alt=\"\" width=\"252\" height=\"172\" srcset=\"https:\/\/ktbb.org\/v1\/wp-content\/uploads\/2025\/09\/bandajli-silindir-200x136.jpg 200w, https:\/\/ktbb.org\/v1\/wp-content\/uploads\/2025\/09\/bandajli-silindir-300x204.jpg 300w, https:\/\/ktbb.org\/v1\/wp-content\/uploads\/2025\/09\/bandajli-silindir.jpg 317w\" sizes=\"(max-width: 252px) 100vw, 252px\" \/> <img decoding=\"async\" class=\"alignnone  wp-image-20759\" src=\"http:\/\/ktbb.org\/v1\/wp-content\/uploads\/2025\/09\/belediye-arac1-300x226.jpg\" alt=\"\" width=\"222\" height=\"167\" srcset=\"https:\/\/ktbb.org\/v1\/wp-content\/uploads\/2025\/09\/belediye-arac1-200x151.jpg 200w, https:\/\/ktbb.org\/v1\/wp-content\/uploads\/2025\/09\/belediye-arac1-300x226.jpg 300w, https:\/\/ktbb.org\/v1\/wp-content\/uploads\/2025\/09\/belediye-arac1-400x301.jpg 400w, https:\/\/ktbb.org\/v1\/wp-content\/uploads\/2025\/09\/belediye-arac1.jpg 450w\" sizes=\"(max-width: 222px) 100vw, 222px\" \/> <img decoding=\"async\" class=\"alignnone  wp-image-20760\" src=\"http:\/\/ktbb.org\/v1\/wp-content\/uploads\/2025\/09\/images-2-silindir-1.jpg\" alt=\"\" width=\"231\" height=\"154\" srcset=\"https:\/\/ktbb.org\/v1\/wp-content\/uploads\/2025\/09\/images-2-silindir-1-200x133.jpg 200w, https:\/\/ktbb.org\/v1\/wp-content\/uploads\/2025\/09\/images-2-silindir-1.jpg 275w\" sizes=\"(max-width: 231px) 100vw, 231px\" \/><\/p>\n<p>&nbsp;<\/p>\n<p><img decoding=\"async\" class=\"alignnone size-medium wp-image-20751\" src=\"http:\/\/ktbb.org\/v1\/wp-content\/uploads\/2025\/09\/DSC_2325-200x300.jpg\" alt=\"\" width=\"200\" height=\"300\" srcset=\"https:\/\/ktbb.org\/v1\/wp-content\/uploads\/2025\/09\/DSC_2325-200x300.jpg 200w, https:\/\/ktbb.org\/v1\/wp-content\/uploads\/2025\/09\/DSC_2325-400x600.jpg 400w, https:\/\/ktbb.org\/v1\/wp-content\/uploads\/2025\/09\/DSC_2325-600x900.jpg 600w, https:\/\/ktbb.org\/v1\/wp-content\/uploads\/2025\/09\/DSC_2325-683x1024.jpg 683w, https:\/\/ktbb.org\/v1\/wp-content\/uploads\/2025\/09\/DSC_2325-768x1152.jpg 768w, https:\/\/ktbb.org\/v1\/wp-content\/uploads\/2025\/09\/DSC_2325-800x1200.jpg 800w, https:\/\/ktbb.org\/v1\/wp-content\/uploads\/2025\/09\/DSC_2325-1024x1536.jpg 1024w, https:\/\/ktbb.org\/v1\/wp-content\/uploads\/2025\/09\/DSC_2325-1200x1800.jpg 1200w, https:\/\/ktbb.org\/v1\/wp-content\/uploads\/2025\/09\/DSC_2325-1365x2048.jpg 1365w, https:\/\/ktbb.org\/v1\/wp-content\/uploads\/2025\/09\/DSC_2325-scaled.jpg 1707w\" sizes=\"(max-width: 200px) 100vw, 200px\" \/>\u00a0 \u00a0 \u00a0 \u00a0 \u00a0 \u00a0 \u00a0 \u00a0 \u00a0 <img decoding=\"async\" class=\"alignnone size-medium wp-image-20750\" src=\"http:\/\/ktbb.org\/v1\/wp-content\/uploads\/2025\/09\/DSC_2335-300x200.jpg\" alt=\"\" width=\"300\" height=\"200\" srcset=\"https:\/\/ktbb.org\/v1\/wp-content\/uploads\/2025\/09\/DSC_2335-200x133.jpg 200w, https:\/\/ktbb.org\/v1\/wp-content\/uploads\/2025\/09\/DSC_2335-300x200.jpg 300w, https:\/\/ktbb.org\/v1\/wp-content\/uploads\/2025\/09\/DSC_2335-400x267.jpg 400w, https:\/\/ktbb.org\/v1\/wp-content\/uploads\/2025\/09\/DSC_2335-600x400.jpg 600w, https:\/\/ktbb.org\/v1\/wp-content\/uploads\/2025\/09\/DSC_2335-768x512.jpg 768w, https:\/\/ktbb.org\/v1\/wp-content\/uploads\/2025\/09\/DSC_2335-800x533.jpg 800w, https:\/\/ktbb.org\/v1\/wp-content\/uploads\/2025\/09\/DSC_2335-1024x683.jpg 1024w, https:\/\/ktbb.org\/v1\/wp-content\/uploads\/2025\/09\/DSC_2335-1200x800.jpg 1200w, https:\/\/ktbb.org\/v1\/wp-content\/uploads\/2025\/09\/DSC_2335-1536x1024.jpg 1536w, https:\/\/ktbb.org\/v1\/wp-content\/uploads\/2025\/09\/DSC_2335-scaled.jpg 2560w\" sizes=\"(max-width: 300px) 100vw, 300px\" \/><\/p>\n","protected":false},"excerpt":{"rendered":"<p>T\u00fcm belediyelerimizin kullan\u0131m\u0131na a\u00e7\u0131k olan Ortak Ara\u00e7 Park\u0131\u2019nda halk\u0131m\u0131za daha [&hellip;]<\/p>\n","protected":false},"author":9,"featured_media":0,"parent":0,"menu_order":0,"comment_status":"closed","ping_status":"closed","template":"","meta":{"footnotes":""},"class_list":["post-38","page","type-page","status-publish","hentry"],"_links":{"self":[{"href":"https:\/\/ktbb.org\/v1\/wp-json\/wp\/v2\/pages\/38","targetHints":{"allow":["GET"]}}],"collection":[{"href":"https:\/\/ktbb.org\/v1\/wp-json\/wp\/v2\/pages"}],"about":[{"href":"https:\/\/ktbb.org\/v1\/wp-json\/wp\/v2\/types\/page"}],"author":[{"embeddable":true,"href":"https:\/\/ktbb.org\/v1\/wp-json\/wp\/v2\/users\/9"}],"replies":[{"embeddable":true,"href":"https:\/\/ktbb.org\/v1\/wp-json\/wp\/v2\/comments?post=38"}],"version-history":[{"count":7,"href":"https:\/\/ktbb.org\/v1\/wp-json\/wp\/v2\/pages\/38\/revisions"}],"predecessor-version":[{"id":20762,"href":"https:\/\/ktbb.org\/v1\/wp-json\/wp\/v2\/pages\/38\/revisions\/20762"}],"wp:attachment":[{"href":"https:\/\/ktbb.org\/v1\/wp-json\/wp\/v2\/media?parent=38"}],"curies":[{"name":"wp","href":"https:\/\/api.w.org\/{rel}","templated":true}]}}