{"id":4230,"date":"2019-04-08T08:50:17","date_gmt":"2019-04-08T08:50:17","guid":{"rendered":"http:\/\/ktbb.org\/v1\/?page_id=4230"},"modified":"2019-04-08T08:50:18","modified_gmt":"2019-04-08T08:50:18","slug":"21-subat-2019-6-birlik-yurutme-kurulu-toplantisi","status":"publish","type":"page","link":"https:\/\/ktbb.org\/v1\/21-subat-2019-6-birlik-yurutme-kurulu-toplantisi\/","title":{"rendered":"21 \u015eubat 2019\/6. Birlik Y\u00fcr\u00fctme Kurulu Toplant\u0131s\u0131"},"content":{"rendered":"\n<p><strong> \u00a0 <br>Karar No: 12\/019\u00a0\u00a0\u00a0 <\/strong><\/p>\n\n\n\n<p>Belediyeler\nBirli\u011fi Mali \u0130\u015fler sorumlusu Kaz\u0131m TEKEL\u2019in 2019 y\u0131l\u0131 Belediyeler Birli\u011fi B\u00fct\u00e7e\nTasla\u011f\u0131 \u00fczerinde madde madde yapt\u0131\u011f\u0131 a\u00e7\u0131klamalar ve sorulan sorulara verdi\u011fi\nyan\u0131tlar do\u011frultusunda Genel Kurula sunmak \u00fczere i\u00e7eri\u011fi oy birli\u011fi ile kabul\nedildi. Genel Kurul Tarihi Belediyeler Yasas\u0131\nTasla\u011f\u0131n\u0131n \u0130\u00e7i\u015fleri Bakanl\u0131\u011f\u0131ndan g\u00f6nderilmesi \u00fczerine ivedi olarak\nde\u011ferlendirilecektir.<\/p>\n\n\n\n<p><strong>Karar No: 13 \/019<\/strong><\/p>\n\n\n\n<p>Girne Belediye Ba\u015fkan\u0131 Nidai G\u00dcNG\u00d6RD\u00dc\u2019 n\u00fcn talebi \u00fczerine oy birli\u011fi ile a\u015fa\u011f\u0131daki \u015fekilde karar al\u0131nm\u0131\u015ft\u0131r. Belediyelerin herhangi bir merkezi biriminden Bakanl\u0131klardan veya Metroloji \u00a0Dairesi , \u00a0Polis Genel M\u00fcd\u00fcrl\u00fc\u011f\u00fc, Sa\u011fl\u0131k Bakanl\u0131\u011f\u0131 gibi yetkili Bakanl\u0131klardan\u00a0 sel, \u015fiddetli ya\u011fmur, hortum, sis ve benzeri do\u011fal afetlerin vuku bulaca\u011f\u0131 veya ger\u00e7ekle\u015fti\u011fi gibi durumlarda gelen uyar\u0131 bilgilerini Belediyelerin derhal kendi web sayfalar\u0131nda ve veya her t\u00fcrl\u00fc sosyal medya arac\u0131l\u0131\u011f\u0131nda olu\u015fabilecek tehlikelere kar\u015f\u0131 tedbirli\u00a0 olmalar\u0131 i\u00e7in halk\u0131 uyarmas\u0131 y\u00f6n\u00fcnde t\u00fcm Belediyelere bildirilmesi karar\u0131 al\u0131nd\u0131. <\/p>\n\n\n\n<p><strong>Karar No: 14 \/019<\/strong><\/p>\n\n\n\n<p>Ekonomi\nve Enerji Bakanl\u0131\u011f\u0131 M\u00fcste\u015far\u0131ndan gelen 18. 2. 2019 tarihli yaz\u0131 ve ekinde Hal\nYasas\u0131 Tasla\u011f\u0131n\u0131n T\u00fcm Belediyelere yaz\u0131l\u0131 olarak bildirilmesi ve Tasla\u011f\u0131n mail\nortam\u0131nda g\u00f6nderilerek Belediyelerin yaz\u0131l\u0131 olarak g\u00f6r\u00fc\u015flerinin talep\nedilmesine oy birli\u011fi ile karar verilir.<\/p>\n\n\n\n<p><strong>Karar No: 15\/019<\/strong><\/p>\n\n\n\n<p>Girne&#8217;de itfaiye binas\u0131 kar\u015f\u0131s\u0131nda f\u0131r\u0131n imalat\u0131 ile ilgili tahsisi edilen arazinin, Belediyeler Birli\u011fi taraf\u0131ndan Belediyelerin e\u011fitim merkezine d\u00f6n\u00fc\u015ft\u00fcr\u00fclmesine\u00a0 oy birli\u011fi ile karar verilmi\u015ftir.<\/p>\n\n\n\n<p><strong>Karar No:16\/019<\/strong><\/p>\n\n\n\n<p>Yurtd\u0131\u015f\u0131ndan\nBelediyelere yap\u0131lacak Belediye Ba\u015fkanl\u0131\u011f\u0131 ve heyeti seviyesindeki resmi\nziyarette bulunan misafirlere ula\u015f\u0131m hizmeti sa\u011flanmas\u0131 ve turizm b\u00f6lgesindeki\notellerden indirimli fiyat uygulanmas\u0131 i\u00e7in g\u00f6r\u00fc\u015fmelerde bulunulmas\u0131 ve\n\u00e7al\u0131\u015fmalar\u0131n ba\u015flat\u0131lmas\u0131na oy birli\u011fi karar verildi.<\/p>\n","protected":false},"excerpt":{"rendered":"<p>\u00a0 Karar No: 12\/019\u00a0\u00a0\u00a0 Belediyeler Birli\u011fi Mali \u0130\u015fler sorumlusu Kaz\u0131m [&hellip;]<\/p>\n","protected":false},"author":9,"featured_media":0,"parent":0,"menu_order":0,"comment_status":"closed","ping_status":"closed","template":"","meta":{"footnotes":""},"class_list":["post-4230","page","type-page","status-publish","hentry"],"_links":{"self":[{"href":"https:\/\/ktbb.org\/v1\/wp-json\/wp\/v2\/pages\/4230","targetHints":{"allow":["GET"]}}],"collection":[{"href":"https:\/\/ktbb.org\/v1\/wp-json\/wp\/v2\/pages"}],"about":[{"href":"https:\/\/ktbb.org\/v1\/wp-json\/wp\/v2\/types\/page"}],"author":[{"embeddable":true,"href":"https:\/\/ktbb.org\/v1\/wp-json\/wp\/v2\/users\/9"}],"replies":[{"embeddable":true,"href":"https:\/\/ktbb.org\/v1\/wp-json\/wp\/v2\/comments?post=4230"}],"version-history":[{"count":1,"href":"https:\/\/ktbb.org\/v1\/wp-json\/wp\/v2\/pages\/4230\/revisions"}],"predecessor-version":[{"id":4232,"href":"https:\/\/ktbb.org\/v1\/wp-json\/wp\/v2\/pages\/4230\/revisions\/4232"}],"wp:attachment":[{"href":"https:\/\/ktbb.org\/v1\/wp-json\/wp\/v2\/media?parent=4230"}],"curies":[{"name":"wp","href":"https:\/\/api.w.org\/{rel}","templated":true}]}}