{"id":950,"date":"2016-07-11T06:47:35","date_gmt":"2016-07-11T06:47:35","guid":{"rendered":"http:\/\/ktbb.org\/v1\/?page_id=950"},"modified":"2016-07-11T06:47:35","modified_gmt":"2016-07-11T06:47:35","slug":"gazimagusa-belediyesi-haberi","status":"publish","type":"page","link":"https:\/\/ktbb.org\/v1\/gazimagusa-belediyesi-haberi\/","title":{"rendered":"GAZ\u0130MA\u011eUSA BELED\u0130YES\u0130 HABER\u0130"},"content":{"rendered":"<p>&nbsp;<\/p>\n<p><strong><em>20. ULUSLARARASI MA\u011eUSA K\u00dcLT\u00dcR, SANAT VE TUR\u0130ZM FEST\u0130VAL\u0130\u2019N\u0130N A\u00c7ILI\u015eI OZAN ORHON KONSER\u0130YLE NAMIK KEMAL MEYDANI\u2019NDA YAPILDI<\/em><\/strong><\/p>\n<p>&nbsp;<\/p>\n<p>&nbsp;<\/p>\n<p>\u00dclkemizin en \u00f6nemli k\u00fclt\u00fcr sanat organizasyonu olan Uluslararas\u0131 20. Ma\u011fusa K\u00fclt\u00fcr, Sanat ve Turizm Festivali\u2019nin a\u00e7\u0131l\u0131\u015f\u0131 Ozan Orhon\u2019un Muhte\u015fem 90\u2019lar konseptli konseriyle muhte\u015fem bir \u015fekilde yap\u0131ld\u0131. T\u00fcrk Pop M\u00fczi\u011fi\u2019nin ilk temsilcilerinden olan Ozan Orhon\u2019un d\u00fcn ak\u015fam Nam\u0131k Kemal Meydan\u0131\u2019nda verdi\u011fi konserle festival seyircisine 90\u2019l\u0131 y\u0131llar\u0131 ya\u015fatt\u0131.<\/p>\n<p>Bu y\u0131l 20.\u2019si d\u00fczenlenen Uluslararas\u0131 Ma\u011fusa K\u00fclt\u00fcr, Sanat ve Turizm Festivali, \u201cK\u0131br\u0131s\u2019\u0131n Festivali\u201d unvan\u0131na yara\u015f\u0131r \u015fekilde 8-28 Temmuz tarihleri aras\u0131nda y\u0131ld\u0131zlar ge\u00e7idine sahne olacak.<\/p>\n<p>K\u0131br\u0131s\u2019\u0131n k\u00fclt\u00fcr sanat ba\u015fkenti olman\u0131n sorumlulu\u011fuyla hareket ederek, bundan \u00f6nceki y\u0131llarda oldu\u011fu gibi bu y\u0131l da uluslararas\u0131 d\u00fczeyde \u00e7ok de\u011ferli sanat\u00e7\u0131lar\u0131 uygarl\u0131k be\u015fi\u011fi Akdeniz\u2019in \u00f6nemli kentlerinden biri olan Gazima\u011fusa\u2019da a\u011f\u0131rlamaya devam ediyoruz.<\/p>\n<p>Festival kapsam\u0131nda, 9 Temmuz ak\u015fam\u0131 ise Othello Kalesi\u2019nde Gazima\u011fusa Belediye Tiyatrosu\u2019nun Kanavi\u00e7e adl\u0131 oyununu sahnelenecek. 11 Temmuz Ak\u015fam\u0131 Salamis Antik Tiyatro\u2019da, T\u00fcrkiye\u2019nin tan\u0131nm\u0131\u015f isimlilerinden O\u011fuzhan Ko\u00e7 sahne alacak. 13 Temmuz\u2019da ise d\u00fcnyaca tan\u0131nm\u0131\u015f Reaggea m\u00fczi\u011finin kral\u0131 Bob Marley\u2019in o\u011flu Julian Marley\u2019in konseri ger\u00e7ekle\u015fecek. 15 Temmuz\u2019da ise \u00dclkemizin en \u00f6nemli Tiyatro ekiplerinden olana Lefko\u015fa Belediye Tiyatro\u2019sunun Bozan Oratoryosunu izleyicisi ile bulu\u015facak. T\u00fcrkiye\u2019nin en \u00f6nemli seslerinden biri olan Volkan Konak 18 Temmuz\u2019da Salamis Antik Tiyaro\u2019da olacak. 19 Temmuz\u2019da \u0130stanbul Meydan Sahnesi\u2019nin Pijamal\u0131 Adamlar oyunu seyirci ile bulu\u015facak. 21 Temmuz\u2019da d\u00fcnyaca \u00fcnl\u00fc grup Pink Martini bir kez daha festivalde yer alacak. 22 Temmuz\u2019da K\u0131br\u0131sl\u0131 sanat\u00e7\u0131m\u0131zdan Tolga Erzurumlu Othello Kalesi\u2019nde verece\u011fi konserle festivale kat\u0131lacak. 25 Temmuz\u2019da ise \u015fark\u0131 ve t\u00fcrk\u00fclere kendi yorumunu katarak seslendiren Koray Avc\u0131 Salamis Antik Tiyatro\u2019da olacak. 26 Temmuz\u2019da yine K\u0131br\u0131sl\u0131 bir sanat\u00e7\u0131larm\u0131zdan S\u00fcleyman Akosman A Chunk Of Funk projesiyle Othello Kalesi\u2019nde konser verecek. 28 Temmuz\u2019da ise Los Vivancos Flamenco toplulu\u011fu muhte\u015fem g\u00f6sterisiyle festivalin finalini yapacak.<br \/>\nBu y\u0131l da sembolik \u00fccretlerle \u00f6nemli sanat\u00e7\u0131lar\u0131 izleme \u015fans\u0131 sunacak Uluslararas\u0131 Ma\u011fusa K\u00fclt\u00fcr sanat ve Turizm Festivali\u2019nin kombine biletlerini alacak izleyiciler \u00e7ok daha avantajl\u0131 olarak etkinliklerin t\u00fcm\u00fcn\u00fc takip edebilecek. Festivalin a\u00e7\u0131l\u0131\u015f etkinli\u011fi olan Ozan Orhon ve Muhte\u015fem 90\u2019lar konseri \u00fccretsiz olarak izlenirken, Kanavi\u00e7e ve Pijamal\u0131 Adamlar Oyunu, Tolga Erzurumlu Konseri, Achunk Of Funk by S\u00fcleyman Akosman konseri 10 TL, O\u011fuzhan Ko\u00e7, Volkan Konak ve Koray Avc\u0131 konserleri 20 TL, Julian Marley, Pink Martini ve Los Vivancos konserleri 30 TL \u00fccretle izlenebilecek. Kombine biletler 150 TL\u2019den sat\u0131\u015fa sunuluyor. Festival biletleri Gazima\u011fusa Belediyesi Halkla \u0130li\u015fkiler, Deniz Plazalar\u2019dan ve etkinlik giri\u015flerinden ayn\u0131 fiyatla temin edilebilir. Festival ile ilgili ayr\u0131nt\u0131l\u0131 bilgilere Gazima\u011fusa Belediyesinin internet sitesi www.magusa.org adresinden ula\u015f\u0131labilir.(MHA)<\/p>\n","protected":false},"excerpt":{"rendered":"<p>&nbsp; 20. ULUSLARARASI MA\u011eUSA K\u00dcLT\u00dcR, SANAT VE TUR\u0130ZM FEST\u0130VAL\u0130\u2019N\u0130N A\u00c7ILI\u015eI [&hellip;]<\/p>\n","protected":false},"author":3,"featured_media":0,"parent":0,"menu_order":0,"comment_status":"open","ping_status":"closed","template":"","meta":{"footnotes":""},"class_list":["post-950","page","type-page","status-publish","hentry"],"_links":{"self":[{"href":"https:\/\/ktbb.org\/v1\/wp-json\/wp\/v2\/pages\/950","targetHints":{"allow":["GET"]}}],"collection":[{"href":"https:\/\/ktbb.org\/v1\/wp-json\/wp\/v2\/pages"}],"about":[{"href":"https:\/\/ktbb.org\/v1\/wp-json\/wp\/v2\/types\/page"}],"author":[{"embeddable":true,"href":"https:\/\/ktbb.org\/v1\/wp-json\/wp\/v2\/users\/3"}],"replies":[{"embeddable":true,"href":"https:\/\/ktbb.org\/v1\/wp-json\/wp\/v2\/comments?post=950"}],"version-history":[{"count":1,"href":"https:\/\/ktbb.org\/v1\/wp-json\/wp\/v2\/pages\/950\/revisions"}],"predecessor-version":[{"id":951,"href":"https:\/\/ktbb.org\/v1\/wp-json\/wp\/v2\/pages\/950\/revisions\/951"}],"wp:attachment":[{"href":"https:\/\/ktbb.org\/v1\/wp-json\/wp\/v2\/media?parent=950"}],"curies":[{"name":"wp","href":"https:\/\/api.w.org\/{rel}","templated":true}]}}