{"id":953,"date":"2016-07-11T07:07:17","date_gmt":"2016-07-11T07:07:17","guid":{"rendered":"http:\/\/ktbb.org\/v1\/?page_id=953"},"modified":"2016-07-11T07:07:17","modified_gmt":"2016-07-11T07:07:17","slug":"gazimagusa-belediyesi-haberi-2","status":"publish","type":"page","link":"https:\/\/ktbb.org\/v1\/gazimagusa-belediyesi-haberi-2\/","title":{"rendered":"GAZ\u0130MA\u011eUSA BELED\u0130YES\u0130 HABER\u0130"},"content":{"rendered":"<p style=\"text-align: center;\"><strong>GAZ\u0130MA\u011eUSA BELED\u0130YE T\u0130YATROSU MA\u011eUSA FEST\u0130VAL\u0130\u2019NDE KANAV\u0130\u00c7E OYUNUNU SAHNELED\u0130<\/strong><\/p>\n<p>&nbsp;<\/p>\n<p>20. Uluslararas\u0131 Ma\u011fusa K\u00fclt\u00fcr, Sanat ve Turizm Festivali kapsam\u0131nda Gazima\u011fusa Belediye Tiyatrosu\u2019nun Kanavi\u00e7e oyunu d\u00fcn ak\u015fam Othello Kalesi\u2019nde sahneledi. Bu y\u0131l 8-28 Temmuz tarihleri aras\u0131nda yine bir\u00e7ok \u00fcnl\u00fc ismi Gazima\u011fusa\u2019da bulu\u015fturacak festival program\u0131 kapsam\u0131nda, Turgut \u00d6zakman\u2019\u0131n kaleme al\u0131p \u0130lke Susuzlu\u2019nun y\u00f6netti\u011fi Kanavi\u00e7e oyununu sahneleyen Belediye Tiyatrosu izleyenlere e\u011fleneli saatler ge\u00e7irtti.<\/p>\n<p>Gazima\u011fusa Belediye Ba\u015fkan\u0131 \u0130smail Arter yapt\u0131\u011f\u0131 konu\u015fmada, 20. Uluslararas\u0131 Ma\u011fusa K\u00fclt\u00fcr-Sanat ve Turizm Festivali\u2019nin \u00fczerinde \u00e7ok b\u00fcy\u00fck emekler verilen program\u0131n\u0131n ba\u015flad\u0131\u011f\u0131n\u0131 ve yo\u011fun bir \u015fekilde devam edece\u011fini ifade ederek, organizasyonun hem uluslararas\u0131 boyutu hem Gazima\u011fusa i\u00e7in \u00f6nemli oldu\u011fun s\u00f6yledi. Festivale en b\u00fcy\u00fck katk\u0131y\u0131 izleyenlerin yapt\u0131\u011f\u0131n\u0131, etkinlikler ne kadar ilgi g\u00f6r\u00fcre kendilerinin ayn\u0131 \u00f6l\u00e7\u00fcde heyecan duydu\u011funu ve motive oldu\u011funu belirterek, izleyenlere te\u015fekk\u00fcr etti. Arter, insanlar\u0131n ilgisinin kendilerine sorumluluk y\u00fckledi\u011fini, sanata ve sanat\u00e7\u0131ya destek vermeyi g\u00f6rev bildiklerini ve belediye tiyatrosunu hayata ge\u00e7irdiklerini ifade ederek, toplumun ayd\u0131nlanmas\u0131 i\u00e7in k\u00fclt\u00fcr-sanat\u0131n \u00f6nemine bir kez daha dikkat \u00e7ekti. \u201cSizlerin ilgisi devam etti\u011fi s\u00fcrece bizdeki heyecan da devam edecek, daha g\u00fczel organizasyonlar yapaca\u011f\u0131z\u201d diyerek bunun hem \u00fclke i\u00e7in hem toplumumuz i\u00e7in gerekli oldu\u011funu kaydederek, festivalin d\u00fczenlenmesinde eme\u011fi ge\u00e7enlere te\u015fekk\u00fcr etti.<\/p>\n<p>Oyunda, Tutku Kahveci, Refet \u015eeker, Zemzem \u0130nce, Melek \u00dcr\u00fcnc\u00fco\u011flu, Ceyda Alt\u0131nba\u015f, H\u00fcseyin Tekb\u0131y\u0131k rol al\u0131rken teknik y\u00f6netmenli\u011fi T\u00fclin Susuzlu yapt\u0131. Oyunda g\u00fcnlerini konakta kanavi\u00e7e i\u015fleyerek ge\u00e7iren, birisi k\u0131sa s\u00fcren bir evlilikten sonra kocas\u0131n\u0131 yitirmi\u015f, ikisi hi\u00e7 evlenmemi\u015f ya\u015fama s\u0131rtlar\u0131n\u0131 d\u00f6nm\u00fc\u015f \u00fc\u00e7 ya\u015fl\u0131 k\u0131z karde\u015f ile konaktaki bu tutucu ve ba\u011fnaz \u00e7emberi k\u0131rmaya \u00e7al\u0131\u015fan gen\u00e7 k\u0131z\u0131n \u00f6yk\u00fcs\u00fc anlat\u0131ld\u0131. Gen\u00e7 k\u0131z\u0131n annesi ve teyzelerinin bask\u0131s\u0131ndan kurtulman\u0131n yollar\u0131n\u0131 ararken ya\u015fad\u0131\u011f\u0131 komik olaylar\u0131n konu edildi\u011fi oyun her an\u0131nda izleyenleri g\u00fcld\u00fcrd\u00fc.<\/p>\n<p>Festival kapsam\u0131nda, 11 Temmuz Ak\u015fam\u0131 Salamis Antik Tiyatro\u2019da O\u011fuzhan Ko\u00e7 konseri, 13 Temmuz\u2019da Reaggea m\u00fczi\u011finin kral\u0131 Bob Marley\u2019in o\u011flu Julian Marley konseri, 15 Temmuz\u2019da Salamis Antik Tiyatro\u2019daLefko\u015fa Belediye Tiyatro\u2019sunun Bozan Oratoryosunu, 18 Temmuz\u2019da Salamis Antik Tiyaro\u2019da Volkan Konak konseri, 19 Temmuz\u2019daOthello Kalesi\u2019nde \u0130stanbul Meydan Sahnesi\u2019nin Pijamal\u0131 Adamlar oyunu, 21 Temmuz\u2019da Salamis Antik Tiyatro\u2019da Pink Martini konseri, 22 Temmuz\u2019da Othello Kalesi\u2019nde Tolga Erzurumlu konseri, 25 Temmuz\u2019da Salamis Antik Tiyatro\u2019da Koray Avc\u0131 konseri, 26 Temmuz\u2019da Othello Kalesi\u2019nde S\u00fcleyman Akosman A Chunk Of Funk konseri yer alacak. 28 Temmuz\u2019da ise Salamis Antik Tiyatro\u2019da Los Vivancos Flamenco toplulu\u011fu muhte\u015fem g\u00f6sterisiyle festivalin finalini yapacak.<\/p>\n<p>&nbsp;<\/p>\n","protected":false},"excerpt":{"rendered":"<p>GAZ\u0130MA\u011eUSA BELED\u0130YE T\u0130YATROSU MA\u011eUSA FEST\u0130VAL\u0130\u2019NDE KANAV\u0130\u00c7E OYUNUNU SAHNELED\u0130 &nbsp; 20. [&hellip;]<\/p>\n","protected":false},"author":3,"featured_media":0,"parent":0,"menu_order":0,"comment_status":"open","ping_status":"closed","template":"","meta":{"footnotes":""},"class_list":["post-953","page","type-page","status-publish","hentry"],"_links":{"self":[{"href":"https:\/\/ktbb.org\/v1\/wp-json\/wp\/v2\/pages\/953","targetHints":{"allow":["GET"]}}],"collection":[{"href":"https:\/\/ktbb.org\/v1\/wp-json\/wp\/v2\/pages"}],"about":[{"href":"https:\/\/ktbb.org\/v1\/wp-json\/wp\/v2\/types\/page"}],"author":[{"embeddable":true,"href":"https:\/\/ktbb.org\/v1\/wp-json\/wp\/v2\/users\/3"}],"replies":[{"embeddable":true,"href":"https:\/\/ktbb.org\/v1\/wp-json\/wp\/v2\/comments?post=953"}],"version-history":[{"count":3,"href":"https:\/\/ktbb.org\/v1\/wp-json\/wp\/v2\/pages\/953\/revisions"}],"predecessor-version":[{"id":957,"href":"https:\/\/ktbb.org\/v1\/wp-json\/wp\/v2\/pages\/953\/revisions\/957"}],"wp:attachment":[{"href":"https:\/\/ktbb.org\/v1\/wp-json\/wp\/v2\/media?parent=953"}],"curies":[{"name":"wp","href":"https:\/\/api.w.org\/{rel}","templated":true}]}}